{"id":3591,"date":"2019-07-29T15:28:12","date_gmt":"2019-07-29T14:28:12","guid":{"rendered":"http:\/\/www.oficiantebodasciviles.es\/blogg\/"},"modified":"2019-07-29T15:28:12","modified_gmt":"2019-07-29T14:28:12","slug":"blogg","status":"publish","type":"page","link":"https:\/\/www.oficiantebodasciviles.es\/sv\/blogg\/","title":{"rendered":"Blogg"},"content":{"rendered":"","protected":false},"excerpt":{"rendered":"","protected":false},"author":1,"featured_media":0,"parent":0,"menu_order":0,"comment_status":"closed","ping_status":"closed","template":"","meta":{"footnotes":""},"class_list":["post-3591","page","type-page","status-publish","hentry"],"yoast_head":"<!-- This site is optimized with the Yoast SEO plugin v27.5 - https:\/\/yoast.com\/product\/yoast-seo-wordpress\/ -->\n<title>Blogg - Officiell celebrant av civilier i Malaga och provinsen<\/title>\n<meta name=\"description\" content=\"Officiating borgerliga ceremonier i Marbella, Malaga, Sotogrande, V\u00e9lez, Antequera, Ronda, Tarifa, Sevilla, Granada, C\u00f3rdoba, Ja\u00e9n, Huelva. Engelska, franska...\" \/>\n<meta name=\"robots\" content=\"index, follow, max-snippet:-1, max-image-preview:large, max-video-preview:-1\" \/>\n<link rel=\"canonical\" href=\"https:\/\/www.oficiantebodasciviles.es\/sv\/blogg\/\" \/>\n<meta property=\"og:locale\" content=\"sv_SE\" \/>\n<meta property=\"og:type\" content=\"article\" \/>\n<meta property=\"og:title\" content=\"Blogg - Officiell celebrant av civilier i Malaga och provinsen\" \/>\n<meta property=\"og:description\" content=\"Officiating borgerliga ceremonier i Marbella, Malaga, Sotogrande, V\u00e9lez, Antequera, Ronda, Tarifa, Sevilla, Granada, C\u00f3rdoba, Ja\u00e9n, Huelva. Engelska, franska...\" \/>\n<meta property=\"og:url\" content=\"https:\/\/www.oficiantebodasciviles.es\/sv\/blogg\/\" \/>\n<meta property=\"og:site_name\" content=\"Officiell celebrant av civilier i Malaga och provinsen\" \/>\n<meta name=\"twitter:card\" content=\"summary_large_image\" \/>\n<script type=\"application\/ld+json\" class=\"yoast-schema-graph\">{\"@context\":\"https:\\\/\\\/schema.org\",\"@graph\":[{\"@type\":\"WebPage\",\"@id\":\"https:\\\/\\\/www.oficiantebodasciviles.es\\\/sv\\\/blogg\\\/\",\"url\":\"https:\\\/\\\/www.oficiantebodasciviles.es\\\/sv\\\/blogg\\\/\",\"name\":\"Blogg - Officiell celebrant av civilier i Malaga och provinsen\",\"isPartOf\":{\"@id\":\"https:\\\/\\\/www.oficiantebodasciviles.es\\\/sv\\\/#website\"},\"datePublished\":\"2019-07-29T14:28:12+00:00\",\"description\":\"Officiating borgerliga ceremonier i Marbella, Malaga, Sotogrande, V\u00e9lez, Antequera, Ronda, Tarifa, Sevilla, Granada, C\u00f3rdoba, Ja\u00e9n, Huelva. Engelska, franska...\",\"breadcrumb\":{\"@id\":\"https:\\\/\\\/www.oficiantebodasciviles.es\\\/sv\\\/blogg\\\/#breadcrumb\"},\"inLanguage\":\"sv-SE\",\"potentialAction\":[{\"@type\":\"ReadAction\",\"target\":[\"https:\\\/\\\/www.oficiantebodasciviles.es\\\/sv\\\/blogg\\\/\"]}]},{\"@type\":\"BreadcrumbList\",\"@id\":\"https:\\\/\\\/www.oficiantebodasciviles.es\\\/sv\\\/blogg\\\/#breadcrumb\",\"itemListElement\":[{\"@type\":\"ListItem\",\"position\":1,\"name\":\"Portada\",\"item\":\"https:\\\/\\\/www.oficiantebodasciviles.es\\\/sv\\\/\"},{\"@type\":\"ListItem\",\"position\":2,\"name\":\"Blogg\"}]},{\"@type\":\"WebSite\",\"@id\":\"https:\\\/\\\/www.oficiantebodasciviles.es\\\/sv\\\/#website\",\"url\":\"https:\\\/\\\/www.oficiantebodasciviles.es\\\/sv\\\/\",\"name\":\"Oficiantes\",\"description\":\"Bodas civiles en Andaluc\u00eda.\",\"publisher\":{\"@id\":\"https:\\\/\\\/www.oficiantebodasciviles.es\\\/sv\\\/#organization\"},\"potentialAction\":[{\"@type\":\"SearchAction\",\"target\":{\"@type\":\"EntryPoint\",\"urlTemplate\":\"https:\\\/\\\/www.oficiantebodasciviles.es\\\/sv\\\/?s={search_term_string}\"},\"query-input\":{\"@type\":\"PropertyValueSpecification\",\"valueRequired\":true,\"valueName\":\"search_term_string\"}}],\"inLanguage\":\"sv-SE\"},{\"@type\":\"Organization\",\"@id\":\"https:\\\/\\\/www.oficiantebodasciviles.es\\\/sv\\\/#organization\",\"name\":\"Oficiantes Andaluc\u00eda\",\"url\":\"https:\\\/\\\/www.oficiantebodasciviles.es\\\/sv\\\/\",\"logo\":{\"@type\":\"ImageObject\",\"inLanguage\":\"sv-SE\",\"@id\":\"https:\\\/\\\/www.oficiantebodasciviles.es\\\/sv\\\/#\\\/schema\\\/logo\\\/image\\\/\",\"url\":\"https:\\\/\\\/www.oficiantebodasciviles.es\\\/wp-content\\\/uploads\\\/2016\\\/08\\\/Tarjeta-oficiante-bodas-300x300-1.png\",\"contentUrl\":\"https:\\\/\\\/www.oficiantebodasciviles.es\\\/wp-content\\\/uploads\\\/2016\\\/08\\\/Tarjeta-oficiante-bodas-300x300-1.png\",\"width\":142,\"height\":136,\"caption\":\"Oficiantes Andaluc\u00eda\"},\"image\":{\"@id\":\"https:\\\/\\\/www.oficiantebodasciviles.es\\\/sv\\\/#\\\/schema\\\/logo\\\/image\\\/\"}}]}<\/script>\n<!-- \/ Yoast SEO plugin. -->","yoast_head_json":{"title":"Blogg - Officiell celebrant av civilier i Malaga och provinsen","description":"Officiating borgerliga ceremonier i Marbella, Malaga, Sotogrande, V\u00e9lez, Antequera, Ronda, Tarifa, Sevilla, Granada, C\u00f3rdoba, Ja\u00e9n, Huelva. Engelska, franska...","robots":{"index":"index","follow":"follow","max-snippet":"max-snippet:-1","max-image-preview":"max-image-preview:large","max-video-preview":"max-video-preview:-1"},"canonical":"https:\/\/www.oficiantebodasciviles.es\/sv\/blogg\/","og_locale":"sv_SE","og_type":"article","og_title":"Blogg - Officiell celebrant av civilier i Malaga och provinsen","og_description":"Officiating borgerliga ceremonier i Marbella, Malaga, Sotogrande, V\u00e9lez, Antequera, Ronda, Tarifa, Sevilla, Granada, C\u00f3rdoba, Ja\u00e9n, Huelva. Engelska, franska...","og_url":"https:\/\/www.oficiantebodasciviles.es\/sv\/blogg\/","og_site_name":"Officiell celebrant av civilier i Malaga och provinsen","twitter_card":"summary_large_image","schema":{"@context":"https:\/\/schema.org","@graph":[{"@type":"WebPage","@id":"https:\/\/www.oficiantebodasciviles.es\/sv\/blogg\/","url":"https:\/\/www.oficiantebodasciviles.es\/sv\/blogg\/","name":"Blogg - Officiell celebrant av civilier i Malaga och provinsen","isPartOf":{"@id":"https:\/\/www.oficiantebodasciviles.es\/sv\/#website"},"datePublished":"2019-07-29T14:28:12+00:00","description":"Officiating borgerliga ceremonier i Marbella, Malaga, Sotogrande, V\u00e9lez, Antequera, Ronda, Tarifa, Sevilla, Granada, C\u00f3rdoba, Ja\u00e9n, Huelva. Engelska, franska...","breadcrumb":{"@id":"https:\/\/www.oficiantebodasciviles.es\/sv\/blogg\/#breadcrumb"},"inLanguage":"sv-SE","potentialAction":[{"@type":"ReadAction","target":["https:\/\/www.oficiantebodasciviles.es\/sv\/blogg\/"]}]},{"@type":"BreadcrumbList","@id":"https:\/\/www.oficiantebodasciviles.es\/sv\/blogg\/#breadcrumb","itemListElement":[{"@type":"ListItem","position":1,"name":"Portada","item":"https:\/\/www.oficiantebodasciviles.es\/sv\/"},{"@type":"ListItem","position":2,"name":"Blogg"}]},{"@type":"WebSite","@id":"https:\/\/www.oficiantebodasciviles.es\/sv\/#website","url":"https:\/\/www.oficiantebodasciviles.es\/sv\/","name":"Oficiantes","description":"Bodas civiles en Andaluc\u00eda.","publisher":{"@id":"https:\/\/www.oficiantebodasciviles.es\/sv\/#organization"},"potentialAction":[{"@type":"SearchAction","target":{"@type":"EntryPoint","urlTemplate":"https:\/\/www.oficiantebodasciviles.es\/sv\/?s={search_term_string}"},"query-input":{"@type":"PropertyValueSpecification","valueRequired":true,"valueName":"search_term_string"}}],"inLanguage":"sv-SE"},{"@type":"Organization","@id":"https:\/\/www.oficiantebodasciviles.es\/sv\/#organization","name":"Oficiantes Andaluc\u00eda","url":"https:\/\/www.oficiantebodasciviles.es\/sv\/","logo":{"@type":"ImageObject","inLanguage":"sv-SE","@id":"https:\/\/www.oficiantebodasciviles.es\/sv\/#\/schema\/logo\/image\/","url":"https:\/\/www.oficiantebodasciviles.es\/wp-content\/uploads\/2016\/08\/Tarjeta-oficiante-bodas-300x300-1.png","contentUrl":"https:\/\/www.oficiantebodasciviles.es\/wp-content\/uploads\/2016\/08\/Tarjeta-oficiante-bodas-300x300-1.png","width":142,"height":136,"caption":"Oficiantes Andaluc\u00eda"},"image":{"@id":"https:\/\/www.oficiantebodasciviles.es\/sv\/#\/schema\/logo\/image\/"}}]}},"_links":{"self":[{"href":"https:\/\/www.oficiantebodasciviles.es\/sv\/wp-json\/wp\/v2\/pages\/3591","targetHints":{"allow":["GET"]}}],"collection":[{"href":"https:\/\/www.oficiantebodasciviles.es\/sv\/wp-json\/wp\/v2\/pages"}],"about":[{"href":"https:\/\/www.oficiantebodasciviles.es\/sv\/wp-json\/wp\/v2\/types\/page"}],"author":[{"embeddable":true,"href":"https:\/\/www.oficiantebodasciviles.es\/sv\/wp-json\/wp\/v2\/users\/1"}],"replies":[{"embeddable":true,"href":"https:\/\/www.oficiantebodasciviles.es\/sv\/wp-json\/wp\/v2\/comments?post=3591"}],"version-history":[{"count":0,"href":"https:\/\/www.oficiantebodasciviles.es\/sv\/wp-json\/wp\/v2\/pages\/3591\/revisions"}],"wp:attachment":[{"href":"https:\/\/www.oficiantebodasciviles.es\/sv\/wp-json\/wp\/v2\/media?parent=3591"}],"curies":[{"name":"wp","href":"https:\/\/api.w.org\/{rel}","templated":true}]}}