{"id":3563,"date":"2019-07-29T15:18:57","date_gmt":"2019-07-29T14:18:57","guid":{"rendered":"http:\/\/www.oficiantebodasciviles.es\/borgerliga-brollopsceremonier\/"},"modified":"2025-04-22T12:30:05","modified_gmt":"2025-04-22T11:30:05","slug":"borgerliga-brollopsceremonier","status":"publish","type":"page","link":"https:\/\/www.oficiantebodasciviles.es\/sv\/","title":{"rendered":"Borgerliga br\u00f6llopsceremonier"},"content":{"rendered":"<p><img loading=\"lazy\" decoding=\"async\" class=\"alignnone wp-image-130 size-full\" src=\"https:\/\/www.oficiantebodasciviles.es\/wp-content\/uploads\/2016\/08\/Portada-Oficiante-ceremonias-civiles_Sotogrande.jpg\" alt=\"Civila br\u00f6llops officerare Malaga\" width=\"864\" height=\"403\" srcset=\"https:\/\/www.oficiantebodasciviles.es\/wp-content\/uploads\/2016\/08\/Portada-Oficiante-ceremonias-civiles_Sotogrande.jpg 864w, https:\/\/www.oficiantebodasciviles.es\/wp-content\/uploads\/2016\/08\/Portada-Oficiante-ceremonias-civiles_Sotogrande-560x261.jpg 560w, https:\/\/www.oficiantebodasciviles.es\/wp-content\/uploads\/2016\/08\/Portada-Oficiante-ceremonias-civiles_Sotogrande-300x140.jpg 300w, https:\/\/www.oficiantebodasciviles.es\/wp-content\/uploads\/2016\/08\/Portada-Oficiante-ceremonias-civiles_Sotogrande-768x358.jpg 768w, https:\/\/www.oficiantebodasciviles.es\/wp-content\/uploads\/2016\/08\/Portada-Oficiante-ceremonias-civiles_Sotogrande-750x350.jpg 750w\" sizes=\"auto, (max-width: 864px) 100vw, 864px\" \/><\/p>\n<p>Mitt namn \u00e4r Antonio Gazules och jag <strong>officiating<\/strong> symboliska <strong>borgerliga br\u00f6llop<\/strong> <strong>ceremonier<\/strong> eller ceremonim\u00e4stare, Celebrant, talare. I varje fall g\u00f6r vi symboliska ceremonier att om du vill, kommer att verka lagligt framf\u00f6r dina g\u00e4ster. Vi g\u00f6r din borgerlig ceremoni mycket speciell, tj\u00e4nsten av officiant av symboliska civila br\u00f6llop \u00e4r personlig, med g\u00e4st avl\u00e4sningar, \u00e4ktenskap l\u00f6ften och en vacker unik. Vi kommer att ge dig n\u00e5gra tips f\u00f6r att njuta av ceremonin f\u00f6rs\u00f6ker g\u00f6ra nerverna stanna den dagen hemma och vi kommer att f\u00f6rklara hur den civila ceremonin kan utvecklas, de olika stunder som det finns och \u00e4ven om du k\u00e4nner f\u00f6r det, g\u00f6r ritualen av sanden, som av ljuset , den med Rosen, den med vinet, en med tr\u00e4den, den med pilb\u00e5gar&#8230;.<\/p>\n<blockquote><p>F\u00f6r oss \u00e4r din ceremoni n\u00e5got mycket speciellt och vi g\u00f6r det till ett unikt \u00f6gonblick och att du \u00e4r avslappnad p\u00e5 din br\u00f6llopsdag, f\u00f6r att dela \u00f6gonblicket med din partner, familj och v\u00e4nner.<\/p><\/blockquote>\n<p>L\u00e5t oss ha ett m\u00f6te:<\/p>\n<blockquote><p>Vi skulle vilja tr\u00e4ffa dig, ha en intervju och f\u00f6rklara hur vi kan g\u00f6ra ceremonin. Svara p\u00e5 alla dina fr\u00e5gor och fr\u00e5gor.<\/p><\/blockquote>\n<p>Ett citat utan f\u00f6rpliktelse, d\u00e4r vi kommer att ber\u00e4tta m\u00e5nga saker om din ceremoni, anekdoter och detaljer som ofta g\u00e5r obem\u00e4rkt f\u00f6rbi och ceremonin kommer att g\u00e5 perfekt. Ring oss p\u00e5 699 903 691 eller <span style=\"color: #003366;\"> <strong>Antonio@oficiantemalaga.es<\/strong><\/span><\/p>\n<p>&nbsp;<\/p>\n<p>Den symboliska borgerliga ceremonin officiant service kan ges p\u00e5 franska, engelska, italienska, portugisiska, tyska, svenska och holl\u00e4ndska. I ansiktet p\u00e5 dina g\u00e4ster, om du vill, kommer det att se ut som om du \u00e4r gifta av en domare eller en kommunalr\u00e5d.<\/p>\n<p><img loading=\"lazy\" decoding=\"async\" class=\"alignnone wp-image-128 size-full\" src=\"https:\/\/www.oficiantebodasciviles.es\/wp-content\/uploads\/2016\/08\/Wedding-minister-english-spanish-french-portugues-italian-german-swedish.jpg\" alt=\"officiating symboliska civila br\u00f6llop Malaga Cadiz Granada Almeria br\u00f6llops minister engelska spanska franska portugisiska tyska svenska\" width=\"920\" height=\"77\" \/><\/p>\n","protected":false},"excerpt":{"rendered":"<p>Mitt namn \u00e4r Antonio Gazules och jag officiating symboliska borgerliga br\u00f6llop ceremonier eller ceremonim\u00e4stare, Celebrant, talare. I varje fall g\u00f6r vi symboliska ceremonier att om du vill, kommer att verka lagligt framf\u00f6r dina g\u00e4ster. Vi g\u00f6r din borgerlig ceremoni mycket speciell, tj\u00e4nsten av officiant av symboliska civila br\u00f6llop \u00e4r personlig,[&#8230;]<\/p>\n","protected":false},"author":1,"featured_media":0,"parent":0,"menu_order":0,"comment_status":"closed","ping_status":"open","template":"","meta":{"footnotes":""},"class_list":["post-3563","page","type-page","status-publish","hentry"],"yoast_head":"<!-- This site is optimized with the Yoast SEO plugin v27.5 - https:\/\/yoast.com\/product\/yoast-seo-wordpress\/ -->\n<title>Officiating borgerliga ceremonier och br\u00f6llop Malaga, ceremonim\u00e4stare<\/title>\n<meta name=\"description\" content=\"Borgerligt br\u00f6llop kontor Malaga. Master ceremonier i Marbella, Tarifa, Sevilla, Cordoba, Sotogrande, Almer\u00eda, br\u00f6llops minister, officiant civila r\u00e9pengar, Offiziant zivile Trauungen.\" \/>\n<meta name=\"robots\" content=\"index, follow, max-snippet:-1, max-image-preview:large, max-video-preview:-1\" \/>\n<link rel=\"canonical\" href=\"https:\/\/www.oficiantebodasciviles.es\/sv\/\" \/>\n<meta property=\"og:locale\" content=\"sv_SE\" \/>\n<meta property=\"og:type\" content=\"article\" \/>\n<meta property=\"og:title\" content=\"Officiating borgerliga ceremonier och br\u00f6llop Malaga, ceremonim\u00e4stare\" \/>\n<meta property=\"og:description\" content=\"Borgerligt br\u00f6llop kontor Malaga. Master ceremonier i Marbella, Tarifa, Sevilla, Cordoba, Sotogrande, Almer\u00eda, br\u00f6llops minister, officiant civila r\u00e9pengar, Offiziant zivile Trauungen.\" \/>\n<meta property=\"og:url\" content=\"https:\/\/www.oficiantebodasciviles.es\/sv\/\" \/>\n<meta property=\"og:site_name\" content=\"Officiell celebrant av civilier i Malaga och provinsen\" \/>\n<meta property=\"article:modified_time\" content=\"2025-04-22T11:30:05+00:00\" \/>\n<meta property=\"og:image\" content=\"https:\/\/www.oficiantebodasciviles.es\/wp-content\/uploads\/2016\/08\/Portada-Oficiante-ceremonias-civiles_Sotogrande.jpg\" \/>\n\t<meta property=\"og:image:width\" content=\"864\" \/>\n\t<meta property=\"og:image:height\" content=\"403\" \/>\n\t<meta property=\"og:image:type\" content=\"image\/jpeg\" \/>\n<meta name=\"twitter:card\" content=\"summary_large_image\" \/>\n<meta name=\"twitter:label1\" content=\"Ber\u00e4knad l\u00e4stid\" \/>\n\t<meta name=\"twitter:data1\" content=\"2 minuter\" \/>\n<script type=\"application\/ld+json\" class=\"yoast-schema-graph\">{\"@context\":\"https:\\\/\\\/schema.org\",\"@graph\":[{\"@type\":\"WebPage\",\"@id\":\"https:\\\/\\\/www.oficiantebodasciviles.es\\\/sv\\\/\",\"url\":\"https:\\\/\\\/www.oficiantebodasciviles.es\\\/sv\\\/\",\"name\":\"Officiating borgerliga ceremonier och br\u00f6llop Malaga, ceremonim\u00e4stare\",\"isPartOf\":{\"@id\":\"https:\\\/\\\/www.oficiantebodasciviles.es\\\/sv\\\/#website\"},\"primaryImageOfPage\":{\"@id\":\"https:\\\/\\\/www.oficiantebodasciviles.es\\\/sv\\\/#primaryimage\"},\"image\":{\"@id\":\"https:\\\/\\\/www.oficiantebodasciviles.es\\\/sv\\\/#primaryimage\"},\"thumbnailUrl\":\"https:\\\/\\\/www.oficiantebodasciviles.es\\\/wp-content\\\/uploads\\\/2016\\\/08\\\/Portada-Oficiante-ceremonias-civiles_Sotogrande.jpg\",\"datePublished\":\"2019-07-29T14:18:57+00:00\",\"dateModified\":\"2025-04-22T11:30:05+00:00\",\"description\":\"Borgerligt br\u00f6llop kontor Malaga. Master ceremonier i Marbella, Tarifa, Sevilla, Cordoba, Sotogrande, Almer\u00eda, br\u00f6llops minister, officiant civila r\u00e9pengar, Offiziant zivile Trauungen.\",\"breadcrumb\":{\"@id\":\"https:\\\/\\\/www.oficiantebodasciviles.es\\\/sv\\\/#breadcrumb\"},\"inLanguage\":\"sv-SE\",\"potentialAction\":[{\"@type\":\"ReadAction\",\"target\":[\"https:\\\/\\\/www.oficiantebodasciviles.es\\\/sv\\\/\"]}]},{\"@type\":\"ImageObject\",\"inLanguage\":\"sv-SE\",\"@id\":\"https:\\\/\\\/www.oficiantebodasciviles.es\\\/sv\\\/#primaryimage\",\"url\":\"https:\\\/\\\/www.oficiantebodasciviles.es\\\/wp-content\\\/uploads\\\/2016\\\/08\\\/Portada-Oficiante-ceremonias-civiles_Sotogrande.jpg\",\"contentUrl\":\"https:\\\/\\\/www.oficiantebodasciviles.es\\\/wp-content\\\/uploads\\\/2016\\\/08\\\/Portada-Oficiante-ceremonias-civiles_Sotogrande.jpg\"},{\"@type\":\"BreadcrumbList\",\"@id\":\"https:\\\/\\\/www.oficiantebodasciviles.es\\\/sv\\\/#breadcrumb\",\"itemListElement\":[{\"@type\":\"ListItem\",\"position\":1,\"name\":\"Portada\",\"item\":\"https:\\\/\\\/www.oficiantebodasciviles.es\\\/sv\\\/\"},{\"@type\":\"ListItem\",\"position\":2,\"name\":\"Borgerliga br\u00f6llopsceremonier\"}]},{\"@type\":\"WebSite\",\"@id\":\"https:\\\/\\\/www.oficiantebodasciviles.es\\\/sv\\\/#website\",\"url\":\"https:\\\/\\\/www.oficiantebodasciviles.es\\\/sv\\\/\",\"name\":\"Oficiantes\",\"description\":\"Bodas civiles en Andaluc\u00eda.\",\"publisher\":{\"@id\":\"https:\\\/\\\/www.oficiantebodasciviles.es\\\/sv\\\/#organization\"},\"potentialAction\":[{\"@type\":\"SearchAction\",\"target\":{\"@type\":\"EntryPoint\",\"urlTemplate\":\"https:\\\/\\\/www.oficiantebodasciviles.es\\\/sv\\\/?s={search_term_string}\"},\"query-input\":{\"@type\":\"PropertyValueSpecification\",\"valueRequired\":true,\"valueName\":\"search_term_string\"}}],\"inLanguage\":\"sv-SE\"},{\"@type\":\"Organization\",\"@id\":\"https:\\\/\\\/www.oficiantebodasciviles.es\\\/sv\\\/#organization\",\"name\":\"Oficiantes Andaluc\u00eda\",\"url\":\"https:\\\/\\\/www.oficiantebodasciviles.es\\\/sv\\\/\",\"logo\":{\"@type\":\"ImageObject\",\"inLanguage\":\"sv-SE\",\"@id\":\"https:\\\/\\\/www.oficiantebodasciviles.es\\\/sv\\\/#\\\/schema\\\/logo\\\/image\\\/\",\"url\":\"https:\\\/\\\/www.oficiantebodasciviles.es\\\/wp-content\\\/uploads\\\/2016\\\/08\\\/Tarjeta-oficiante-bodas-300x300-1.png\",\"contentUrl\":\"https:\\\/\\\/www.oficiantebodasciviles.es\\\/wp-content\\\/uploads\\\/2016\\\/08\\\/Tarjeta-oficiante-bodas-300x300-1.png\",\"width\":142,\"height\":136,\"caption\":\"Oficiantes Andaluc\u00eda\"},\"image\":{\"@id\":\"https:\\\/\\\/www.oficiantebodasciviles.es\\\/sv\\\/#\\\/schema\\\/logo\\\/image\\\/\"}}]}<\/script>\n<!-- \/ Yoast SEO plugin. -->","yoast_head_json":{"title":"Officiating borgerliga ceremonier och br\u00f6llop Malaga, ceremonim\u00e4stare","description":"Borgerligt br\u00f6llop kontor Malaga. Master ceremonier i Marbella, Tarifa, Sevilla, Cordoba, Sotogrande, Almer\u00eda, br\u00f6llops minister, officiant civila r\u00e9pengar, Offiziant zivile Trauungen.","robots":{"index":"index","follow":"follow","max-snippet":"max-snippet:-1","max-image-preview":"max-image-preview:large","max-video-preview":"max-video-preview:-1"},"canonical":"https:\/\/www.oficiantebodasciviles.es\/sv\/","og_locale":"sv_SE","og_type":"article","og_title":"Officiating borgerliga ceremonier och br\u00f6llop Malaga, ceremonim\u00e4stare","og_description":"Borgerligt br\u00f6llop kontor Malaga. Master ceremonier i Marbella, Tarifa, Sevilla, Cordoba, Sotogrande, Almer\u00eda, br\u00f6llops minister, officiant civila r\u00e9pengar, Offiziant zivile Trauungen.","og_url":"https:\/\/www.oficiantebodasciviles.es\/sv\/","og_site_name":"Officiell celebrant av civilier i Malaga och provinsen","article_modified_time":"2025-04-22T11:30:05+00:00","og_image":[{"width":864,"height":403,"url":"https:\/\/www.oficiantebodasciviles.es\/wp-content\/uploads\/2016\/08\/Portada-Oficiante-ceremonias-civiles_Sotogrande.jpg","type":"image\/jpeg"}],"twitter_card":"summary_large_image","twitter_misc":{"Ber\u00e4knad l\u00e4stid":"2 minuter"},"schema":{"@context":"https:\/\/schema.org","@graph":[{"@type":"WebPage","@id":"https:\/\/www.oficiantebodasciviles.es\/sv\/","url":"https:\/\/www.oficiantebodasciviles.es\/sv\/","name":"Officiating borgerliga ceremonier och br\u00f6llop Malaga, ceremonim\u00e4stare","isPartOf":{"@id":"https:\/\/www.oficiantebodasciviles.es\/sv\/#website"},"primaryImageOfPage":{"@id":"https:\/\/www.oficiantebodasciviles.es\/sv\/#primaryimage"},"image":{"@id":"https:\/\/www.oficiantebodasciviles.es\/sv\/#primaryimage"},"thumbnailUrl":"https:\/\/www.oficiantebodasciviles.es\/wp-content\/uploads\/2016\/08\/Portada-Oficiante-ceremonias-civiles_Sotogrande.jpg","datePublished":"2019-07-29T14:18:57+00:00","dateModified":"2025-04-22T11:30:05+00:00","description":"Borgerligt br\u00f6llop kontor Malaga. Master ceremonier i Marbella, Tarifa, Sevilla, Cordoba, Sotogrande, Almer\u00eda, br\u00f6llops minister, officiant civila r\u00e9pengar, Offiziant zivile Trauungen.","breadcrumb":{"@id":"https:\/\/www.oficiantebodasciviles.es\/sv\/#breadcrumb"},"inLanguage":"sv-SE","potentialAction":[{"@type":"ReadAction","target":["https:\/\/www.oficiantebodasciviles.es\/sv\/"]}]},{"@type":"ImageObject","inLanguage":"sv-SE","@id":"https:\/\/www.oficiantebodasciviles.es\/sv\/#primaryimage","url":"https:\/\/www.oficiantebodasciviles.es\/wp-content\/uploads\/2016\/08\/Portada-Oficiante-ceremonias-civiles_Sotogrande.jpg","contentUrl":"https:\/\/www.oficiantebodasciviles.es\/wp-content\/uploads\/2016\/08\/Portada-Oficiante-ceremonias-civiles_Sotogrande.jpg"},{"@type":"BreadcrumbList","@id":"https:\/\/www.oficiantebodasciviles.es\/sv\/#breadcrumb","itemListElement":[{"@type":"ListItem","position":1,"name":"Portada","item":"https:\/\/www.oficiantebodasciviles.es\/sv\/"},{"@type":"ListItem","position":2,"name":"Borgerliga br\u00f6llopsceremonier"}]},{"@type":"WebSite","@id":"https:\/\/www.oficiantebodasciviles.es\/sv\/#website","url":"https:\/\/www.oficiantebodasciviles.es\/sv\/","name":"Oficiantes","description":"Bodas civiles en Andaluc\u00eda.","publisher":{"@id":"https:\/\/www.oficiantebodasciviles.es\/sv\/#organization"},"potentialAction":[{"@type":"SearchAction","target":{"@type":"EntryPoint","urlTemplate":"https:\/\/www.oficiantebodasciviles.es\/sv\/?s={search_term_string}"},"query-input":{"@type":"PropertyValueSpecification","valueRequired":true,"valueName":"search_term_string"}}],"inLanguage":"sv-SE"},{"@type":"Organization","@id":"https:\/\/www.oficiantebodasciviles.es\/sv\/#organization","name":"Oficiantes Andaluc\u00eda","url":"https:\/\/www.oficiantebodasciviles.es\/sv\/","logo":{"@type":"ImageObject","inLanguage":"sv-SE","@id":"https:\/\/www.oficiantebodasciviles.es\/sv\/#\/schema\/logo\/image\/","url":"https:\/\/www.oficiantebodasciviles.es\/wp-content\/uploads\/2016\/08\/Tarjeta-oficiante-bodas-300x300-1.png","contentUrl":"https:\/\/www.oficiantebodasciviles.es\/wp-content\/uploads\/2016\/08\/Tarjeta-oficiante-bodas-300x300-1.png","width":142,"height":136,"caption":"Oficiantes Andaluc\u00eda"},"image":{"@id":"https:\/\/www.oficiantebodasciviles.es\/sv\/#\/schema\/logo\/image\/"}}]}},"_links":{"self":[{"href":"https:\/\/www.oficiantebodasciviles.es\/sv\/wp-json\/wp\/v2\/pages\/3563","targetHints":{"allow":["GET"]}}],"collection":[{"href":"https:\/\/www.oficiantebodasciviles.es\/sv\/wp-json\/wp\/v2\/pages"}],"about":[{"href":"https:\/\/www.oficiantebodasciviles.es\/sv\/wp-json\/wp\/v2\/types\/page"}],"author":[{"embeddable":true,"href":"https:\/\/www.oficiantebodasciviles.es\/sv\/wp-json\/wp\/v2\/users\/1"}],"replies":[{"embeddable":true,"href":"https:\/\/www.oficiantebodasciviles.es\/sv\/wp-json\/wp\/v2\/comments?post=3563"}],"version-history":[{"count":2,"href":"https:\/\/www.oficiantebodasciviles.es\/sv\/wp-json\/wp\/v2\/pages\/3563\/revisions"}],"predecessor-version":[{"id":7333,"href":"https:\/\/www.oficiantebodasciviles.es\/sv\/wp-json\/wp\/v2\/pages\/3563\/revisions\/7333"}],"wp:attachment":[{"href":"https:\/\/www.oficiantebodasciviles.es\/sv\/wp-json\/wp\/v2\/media?parent=3563"}],"curies":[{"name":"wp","href":"https:\/\/api.w.org\/{rel}","templated":true}]}}