{"id":2611,"date":"2018-11-28T15:59:10","date_gmt":"2018-11-28T14:59:10","guid":{"rendered":"http:\/\/www.oficiantebodasciviles.es\/?page_id=2611"},"modified":"2019-07-29T15:22:59","modified_gmt":"2019-07-29T14:22:59","slug":"kontakt","status":"publish","type":"page","link":"https:\/\/www.oficiantebodasciviles.es\/sv\/kontakt\/","title":{"rendered":"Kontakt"},"content":{"rendered":"<form action=\"https:\/\/www.paypal.com\/cgi-bin\/webscr\" method=\"post\"><\/form>\n<form action=\"https:\/\/www.paypal.com\/cgi-bin\/webscr\" method=\"post\">Civil ceremoni finns p\u00e5 spanska, engelska, franska, italienska, portugisiska, svenska, holl\u00e4ndska och tyska. Ocks\u00e5 p\u00e5 tv\u00e5 spr\u00e5k samtidigt. Fr\u00e5ga oss om en skype-intervju!<br \/>\n<img loading=\"lazy\" decoding=\"async\" class=\"alignleft wp-image-296 size-full\" src=\"http:\/\/www.oficiantebodasciviles.es\/wp-content\/uploads\/2016\/08\/Wedding-minister-english-spanish-french-portugues-italian-german-swedish.jpg\" alt=\"Wedding minister in English, French, Spanish, German, Italian, Portugues, Swedish\" width=\"920\" height=\"77\" srcset=\"https:\/\/www.oficiantebodasciviles.es\/wp-content\/uploads\/2016\/08\/Wedding-minister-english-spanish-french-portugues-italian-german-swedish.jpg 920w, https:\/\/www.oficiantebodasciviles.es\/wp-content\/uploads\/2016\/08\/Wedding-minister-english-spanish-french-portugues-italian-german-swedish-560x47.jpg 560w, https:\/\/www.oficiantebodasciviles.es\/wp-content\/uploads\/2016\/08\/Wedding-minister-english-spanish-french-portugues-italian-german-swedish-300x25.jpg 300w, https:\/\/www.oficiantebodasciviles.es\/wp-content\/uploads\/2016\/08\/Wedding-minister-english-spanish-french-portugues-italian-german-swedish-768x64.jpg 768w, https:\/\/www.oficiantebodasciviles.es\/wp-content\/uploads\/2016\/08\/Wedding-minister-english-spanish-french-portugues-italian-german-swedish-750x63.jpg 750w\" sizes=\"auto, (max-width: 920px) 100vw, 920px\" \/><\/p>\n<p>V\u00e4nligen, f\u00f6r att kontrollera tillg\u00e4nglighet, skicka oss f\u00f6ljande information<\/p>\n<p>Datum f\u00f6r ceremonin:<\/p>\n<p>Ceremonin:<\/p>\n<p>Plats f\u00f6r firande: Hotell, restaurang &#8230;<\/p>\n<p>Stad:<\/p>\n<p>Antalet g\u00e4ster ungef\u00e4rligt:<\/p>\n<p>Spr\u00e5k:<\/p>\n<p>Via e-post till antonio@oficiantemalaga.es<\/p>\n<p>Genom whatsapp till (+34) 699 903 691<\/p>\n<\/form>\n","protected":false},"excerpt":{"rendered":"<p>Civil ceremoni finns p\u00e5 spanska, engelska, franska, italienska, portugisiska, svenska, holl\u00e4ndska och tyska. Ocks\u00e5 p\u00e5 tv\u00e5 spr\u00e5k samtidigt. Fr\u00e5ga oss om en skype-intervju! V\u00e4nligen, f\u00f6r att kontrollera tillg\u00e4nglighet, skicka oss f\u00f6ljande information Datum f\u00f6r ceremonin: Ceremonin: Plats f\u00f6r firande: Hotell, restaurang &#8230; Stad: Antalet g\u00e4ster ungef\u00e4rligt: Spr\u00e5k: Via e-post till[&#8230;]<\/p>\n","protected":false},"author":1,"featured_media":0,"parent":0,"menu_order":0,"comment_status":"closed","ping_status":"closed","template":"","meta":{"footnotes":""},"class_list":["post-2611","page","type-page","status-publish","hentry"],"yoast_head":"<!-- This site is optimized with the Yoast SEO plugin v27.5 - https:\/\/yoast.com\/product\/yoast-seo-wordpress\/ -->\n<title>Kontakt - Officiell celebrant av civilier i Malaga och provinsen<\/title>\n<meta name=\"description\" content=\"Hans civila ceremoni p\u00e5 spanska, franska, engelska, italienska, portugisiska, svenska, tyska och nederl\u00e4ndska. Ocks\u00e5 p\u00e5 tv\u00e5 spr\u00e5k samtidigt. Vi arbetar i hela Andalusien.\" \/>\n<meta name=\"robots\" content=\"index, follow, max-snippet:-1, max-image-preview:large, max-video-preview:-1\" \/>\n<link rel=\"canonical\" href=\"https:\/\/www.oficiantebodasciviles.es\/sv\/kontakt\/\" \/>\n<meta property=\"og:locale\" content=\"sv_SE\" \/>\n<meta property=\"og:type\" content=\"article\" \/>\n<meta property=\"og:title\" content=\"Kontakt - Officiell celebrant av civilier i Malaga och provinsen\" \/>\n<meta property=\"og:description\" content=\"Hans civila ceremoni p\u00e5 spanska, franska, engelska, italienska, portugisiska, svenska, tyska och nederl\u00e4ndska. Ocks\u00e5 p\u00e5 tv\u00e5 spr\u00e5k samtidigt. Vi arbetar i hela Andalusien.\" \/>\n<meta property=\"og:url\" content=\"https:\/\/www.oficiantebodasciviles.es\/sv\/kontakt\/\" \/>\n<meta property=\"og:site_name\" content=\"Officiell celebrant av civilier i Malaga och provinsen\" \/>\n<meta property=\"article:modified_time\" content=\"2019-07-29T14:22:59+00:00\" \/>\n<meta property=\"og:image\" content=\"http:\/\/www.oficiantebodasciviles.es\/wp-content\/uploads\/2016\/08\/Wedding-minister-english-spanish-french-portugues-italian-german-swedish.jpg\" \/>\n<meta name=\"twitter:card\" content=\"summary_large_image\" \/>\n<script type=\"application\/ld+json\" class=\"yoast-schema-graph\">{\"@context\":\"https:\\\/\\\/schema.org\",\"@graph\":[{\"@type\":\"WebPage\",\"@id\":\"https:\\\/\\\/www.oficiantebodasciviles.es\\\/sv\\\/kontakt\\\/\",\"url\":\"https:\\\/\\\/www.oficiantebodasciviles.es\\\/sv\\\/kontakt\\\/\",\"name\":\"Kontakt - Officiell celebrant av civilier i Malaga och provinsen\",\"isPartOf\":{\"@id\":\"https:\\\/\\\/www.oficiantebodasciviles.es\\\/sv\\\/#website\"},\"primaryImageOfPage\":{\"@id\":\"https:\\\/\\\/www.oficiantebodasciviles.es\\\/sv\\\/kontakt\\\/#primaryimage\"},\"image\":{\"@id\":\"https:\\\/\\\/www.oficiantebodasciviles.es\\\/sv\\\/kontakt\\\/#primaryimage\"},\"thumbnailUrl\":\"http:\\\/\\\/www.oficiantebodasciviles.es\\\/wp-content\\\/uploads\\\/2016\\\/08\\\/Wedding-minister-english-spanish-french-portugues-italian-german-swedish.jpg\",\"datePublished\":\"2018-11-28T14:59:10+00:00\",\"dateModified\":\"2019-07-29T14:22:59+00:00\",\"description\":\"Hans civila ceremoni p\u00e5 spanska, franska, engelska, italienska, portugisiska, svenska, tyska och nederl\u00e4ndska. Ocks\u00e5 p\u00e5 tv\u00e5 spr\u00e5k samtidigt. Vi arbetar i hela Andalusien.\",\"breadcrumb\":{\"@id\":\"https:\\\/\\\/www.oficiantebodasciviles.es\\\/sv\\\/kontakt\\\/#breadcrumb\"},\"inLanguage\":\"sv-SE\",\"potentialAction\":[{\"@type\":\"ReadAction\",\"target\":[\"https:\\\/\\\/www.oficiantebodasciviles.es\\\/sv\\\/kontakt\\\/\"]}]},{\"@type\":\"ImageObject\",\"inLanguage\":\"sv-SE\",\"@id\":\"https:\\\/\\\/www.oficiantebodasciviles.es\\\/sv\\\/kontakt\\\/#primaryimage\",\"url\":\"http:\\\/\\\/www.oficiantebodasciviles.es\\\/wp-content\\\/uploads\\\/2016\\\/08\\\/Wedding-minister-english-spanish-french-portugues-italian-german-swedish.jpg\",\"contentUrl\":\"http:\\\/\\\/www.oficiantebodasciviles.es\\\/wp-content\\\/uploads\\\/2016\\\/08\\\/Wedding-minister-english-spanish-french-portugues-italian-german-swedish.jpg\"},{\"@type\":\"BreadcrumbList\",\"@id\":\"https:\\\/\\\/www.oficiantebodasciviles.es\\\/sv\\\/kontakt\\\/#breadcrumb\",\"itemListElement\":[{\"@type\":\"ListItem\",\"position\":1,\"name\":\"Portada\",\"item\":\"https:\\\/\\\/www.oficiantebodasciviles.es\\\/sv\\\/\"},{\"@type\":\"ListItem\",\"position\":2,\"name\":\"Kontakt\"}]},{\"@type\":\"WebSite\",\"@id\":\"https:\\\/\\\/www.oficiantebodasciviles.es\\\/sv\\\/#website\",\"url\":\"https:\\\/\\\/www.oficiantebodasciviles.es\\\/sv\\\/\",\"name\":\"Oficiantes\",\"description\":\"Bodas civiles en Andaluc\u00eda.\",\"publisher\":{\"@id\":\"https:\\\/\\\/www.oficiantebodasciviles.es\\\/sv\\\/#organization\"},\"potentialAction\":[{\"@type\":\"SearchAction\",\"target\":{\"@type\":\"EntryPoint\",\"urlTemplate\":\"https:\\\/\\\/www.oficiantebodasciviles.es\\\/sv\\\/?s={search_term_string}\"},\"query-input\":{\"@type\":\"PropertyValueSpecification\",\"valueRequired\":true,\"valueName\":\"search_term_string\"}}],\"inLanguage\":\"sv-SE\"},{\"@type\":\"Organization\",\"@id\":\"https:\\\/\\\/www.oficiantebodasciviles.es\\\/sv\\\/#organization\",\"name\":\"Oficiantes Andaluc\u00eda\",\"url\":\"https:\\\/\\\/www.oficiantebodasciviles.es\\\/sv\\\/\",\"logo\":{\"@type\":\"ImageObject\",\"inLanguage\":\"sv-SE\",\"@id\":\"https:\\\/\\\/www.oficiantebodasciviles.es\\\/sv\\\/#\\\/schema\\\/logo\\\/image\\\/\",\"url\":\"https:\\\/\\\/www.oficiantebodasciviles.es\\\/wp-content\\\/uploads\\\/2016\\\/08\\\/Tarjeta-oficiante-bodas-300x300-1.png\",\"contentUrl\":\"https:\\\/\\\/www.oficiantebodasciviles.es\\\/wp-content\\\/uploads\\\/2016\\\/08\\\/Tarjeta-oficiante-bodas-300x300-1.png\",\"width\":142,\"height\":136,\"caption\":\"Oficiantes Andaluc\u00eda\"},\"image\":{\"@id\":\"https:\\\/\\\/www.oficiantebodasciviles.es\\\/sv\\\/#\\\/schema\\\/logo\\\/image\\\/\"}}]}<\/script>\n<!-- \/ Yoast SEO plugin. -->","yoast_head_json":{"title":"Kontakt - Officiell celebrant av civilier i Malaga och provinsen","description":"Hans civila ceremoni p\u00e5 spanska, franska, engelska, italienska, portugisiska, svenska, tyska och nederl\u00e4ndska. Ocks\u00e5 p\u00e5 tv\u00e5 spr\u00e5k samtidigt. Vi arbetar i hela Andalusien.","robots":{"index":"index","follow":"follow","max-snippet":"max-snippet:-1","max-image-preview":"max-image-preview:large","max-video-preview":"max-video-preview:-1"},"canonical":"https:\/\/www.oficiantebodasciviles.es\/sv\/kontakt\/","og_locale":"sv_SE","og_type":"article","og_title":"Kontakt - Officiell celebrant av civilier i Malaga och provinsen","og_description":"Hans civila ceremoni p\u00e5 spanska, franska, engelska, italienska, portugisiska, svenska, tyska och nederl\u00e4ndska. Ocks\u00e5 p\u00e5 tv\u00e5 spr\u00e5k samtidigt. Vi arbetar i hela Andalusien.","og_url":"https:\/\/www.oficiantebodasciviles.es\/sv\/kontakt\/","og_site_name":"Officiell celebrant av civilier i Malaga och provinsen","article_modified_time":"2019-07-29T14:22:59+00:00","og_image":[{"url":"http:\/\/www.oficiantebodasciviles.es\/wp-content\/uploads\/2016\/08\/Wedding-minister-english-spanish-french-portugues-italian-german-swedish.jpg","type":"","width":"","height":""}],"twitter_card":"summary_large_image","schema":{"@context":"https:\/\/schema.org","@graph":[{"@type":"WebPage","@id":"https:\/\/www.oficiantebodasciviles.es\/sv\/kontakt\/","url":"https:\/\/www.oficiantebodasciviles.es\/sv\/kontakt\/","name":"Kontakt - Officiell celebrant av civilier i Malaga och provinsen","isPartOf":{"@id":"https:\/\/www.oficiantebodasciviles.es\/sv\/#website"},"primaryImageOfPage":{"@id":"https:\/\/www.oficiantebodasciviles.es\/sv\/kontakt\/#primaryimage"},"image":{"@id":"https:\/\/www.oficiantebodasciviles.es\/sv\/kontakt\/#primaryimage"},"thumbnailUrl":"http:\/\/www.oficiantebodasciviles.es\/wp-content\/uploads\/2016\/08\/Wedding-minister-english-spanish-french-portugues-italian-german-swedish.jpg","datePublished":"2018-11-28T14:59:10+00:00","dateModified":"2019-07-29T14:22:59+00:00","description":"Hans civila ceremoni p\u00e5 spanska, franska, engelska, italienska, portugisiska, svenska, tyska och nederl\u00e4ndska. Ocks\u00e5 p\u00e5 tv\u00e5 spr\u00e5k samtidigt. Vi arbetar i hela Andalusien.","breadcrumb":{"@id":"https:\/\/www.oficiantebodasciviles.es\/sv\/kontakt\/#breadcrumb"},"inLanguage":"sv-SE","potentialAction":[{"@type":"ReadAction","target":["https:\/\/www.oficiantebodasciviles.es\/sv\/kontakt\/"]}]},{"@type":"ImageObject","inLanguage":"sv-SE","@id":"https:\/\/www.oficiantebodasciviles.es\/sv\/kontakt\/#primaryimage","url":"http:\/\/www.oficiantebodasciviles.es\/wp-content\/uploads\/2016\/08\/Wedding-minister-english-spanish-french-portugues-italian-german-swedish.jpg","contentUrl":"http:\/\/www.oficiantebodasciviles.es\/wp-content\/uploads\/2016\/08\/Wedding-minister-english-spanish-french-portugues-italian-german-swedish.jpg"},{"@type":"BreadcrumbList","@id":"https:\/\/www.oficiantebodasciviles.es\/sv\/kontakt\/#breadcrumb","itemListElement":[{"@type":"ListItem","position":1,"name":"Portada","item":"https:\/\/www.oficiantebodasciviles.es\/sv\/"},{"@type":"ListItem","position":2,"name":"Kontakt"}]},{"@type":"WebSite","@id":"https:\/\/www.oficiantebodasciviles.es\/sv\/#website","url":"https:\/\/www.oficiantebodasciviles.es\/sv\/","name":"Oficiantes","description":"Bodas civiles en Andaluc\u00eda.","publisher":{"@id":"https:\/\/www.oficiantebodasciviles.es\/sv\/#organization"},"potentialAction":[{"@type":"SearchAction","target":{"@type":"EntryPoint","urlTemplate":"https:\/\/www.oficiantebodasciviles.es\/sv\/?s={search_term_string}"},"query-input":{"@type":"PropertyValueSpecification","valueRequired":true,"valueName":"search_term_string"}}],"inLanguage":"sv-SE"},{"@type":"Organization","@id":"https:\/\/www.oficiantebodasciviles.es\/sv\/#organization","name":"Oficiantes Andaluc\u00eda","url":"https:\/\/www.oficiantebodasciviles.es\/sv\/","logo":{"@type":"ImageObject","inLanguage":"sv-SE","@id":"https:\/\/www.oficiantebodasciviles.es\/sv\/#\/schema\/logo\/image\/","url":"https:\/\/www.oficiantebodasciviles.es\/wp-content\/uploads\/2016\/08\/Tarjeta-oficiante-bodas-300x300-1.png","contentUrl":"https:\/\/www.oficiantebodasciviles.es\/wp-content\/uploads\/2016\/08\/Tarjeta-oficiante-bodas-300x300-1.png","width":142,"height":136,"caption":"Oficiantes Andaluc\u00eda"},"image":{"@id":"https:\/\/www.oficiantebodasciviles.es\/sv\/#\/schema\/logo\/image\/"}}]}},"_links":{"self":[{"href":"https:\/\/www.oficiantebodasciviles.es\/sv\/wp-json\/wp\/v2\/pages\/2611","targetHints":{"allow":["GET"]}}],"collection":[{"href":"https:\/\/www.oficiantebodasciviles.es\/sv\/wp-json\/wp\/v2\/pages"}],"about":[{"href":"https:\/\/www.oficiantebodasciviles.es\/sv\/wp-json\/wp\/v2\/types\/page"}],"author":[{"embeddable":true,"href":"https:\/\/www.oficiantebodasciviles.es\/sv\/wp-json\/wp\/v2\/users\/1"}],"replies":[{"embeddable":true,"href":"https:\/\/www.oficiantebodasciviles.es\/sv\/wp-json\/wp\/v2\/comments?post=2611"}],"version-history":[{"count":2,"href":"https:\/\/www.oficiantebodasciviles.es\/sv\/wp-json\/wp\/v2\/pages\/2611\/revisions"}],"predecessor-version":[{"id":2617,"href":"https:\/\/www.oficiantebodasciviles.es\/sv\/wp-json\/wp\/v2\/pages\/2611\/revisions\/2617"}],"wp:attachment":[{"href":"https:\/\/www.oficiantebodasciviles.es\/sv\/wp-json\/wp\/v2\/media?parent=2611"}],"curies":[{"name":"wp","href":"https:\/\/api.w.org\/{rel}","templated":true}]}}