{"id":2497,"date":"2018-11-27T11:50:11","date_gmt":"2018-11-27T10:50:11","guid":{"rendered":"http:\/\/www.oficiantebodasciviles.es\/?page_id=2497"},"modified":"2021-05-09T11:17:41","modified_gmt":"2021-05-09T10:17:41","slug":"portfolio","status":"publish","type":"page","link":"https:\/\/www.oficiantebodasciviles.es\/sv\/portfolio\/","title":{"rendered":"Portf\u00f6lj"},"content":{"rendered":"\r\n<p>Br\u00f6llopsceremonier i hela Andalusien<\/p>\r\n<p>Oficiantes Andaluc\u00eda \u00e4r en sammanslutning av symboliska vigself\u00f6rr\u00e4ttare i Malaga, Spanien, som grundades 2008. Vi genomf\u00f6r br\u00f6llopsceremonier i hela Andalusien, Spanien, och skapar personliga evenemang som \u00e5terspeglar brudparets unika personlighet. Teamet grundades av Antonio Sanchez och best\u00e5r av flera yrkesm\u00e4n som g\u00e4rna hj\u00e4lper dig att skapa din perfekta br\u00f6llopsceremoni.<\/p>\r\n<figure id=\"attachment_4402\" aria-describedby=\"caption-attachment-4402\" style=\"width: 3968px\" class=\"wp-caption alignleft\"><img loading=\"lazy\" decoding=\"async\" class=\"wp-image-4402 size-full\" src=\"https:\/\/www.oficiantebodasciviles.es\/wp-content\/uploads\/2019\/08\/Boda-civil-en-Finca-en-Sevilla-F02.jpg\" alt=\"Br\u00f6llop-civil-och-Masters-of-ceremoni-i-Hacienda San Juan del Hornillo dos HermanasEn-Sevilla\" width=\"3968\" height=\"2976\" \/><figcaption id=\"caption-attachment-4402\" class=\"wp-caption-text\">dav<\/figcaption><\/figure>\r\n<p>Symboliska ceremonier.<\/p>\r\n<p>Vi utf\u00f6r endast symboliska br\u00f6llopsceremonier. I Spanien \u00e4r det enda s\u00e4ttet att gifta sig lagligt att g\u00f6ra det genom en pr\u00e4st, en domare eller en r\u00e5dman, men vi \u00e4r ingen av dessa. \u00c4ven om vi inte kan gifta oss p\u00e5 det formaliserade och opersonliga s\u00e4tt som lagen kr\u00e4ver, kan vi utf\u00f6ra en helt skr\u00e4ddarsydd br\u00f6llopsceremoni f\u00f6r er dag, en unik ceremoni som speglar brudparet.<\/p>\r\n<p>Tj\u00e4nster som erbjuds<\/p>\r\n<p>De skr\u00e4ddarsydda br\u00f6llopsceremonier som skapas av Officiants Andaluc\u00eda g\u00f6r det m\u00f6jligt f\u00f6r par som vill fira sitt br\u00f6llop i Andalusien att g\u00f6ra det under de b\u00e4sta f\u00f6ruts\u00e4ttningarna och med total garanti och professionalism, de kommer att vara i goda h\u00e4nder. Genom en kombination av noggrann kommunikation, samordning, planering och kreativ hj\u00e4lp kan vi ge liv \u00e5t er ceremoni i Andalusien, \u00e4nda fram till det \u00f6gonblick d\u00e5 ni g\u00e5r nerf\u00f6r altarg\u00e5ngen som nygifta.<\/p>\r\n<p>Vi genomf\u00f6r normalt ceremonier som inte tar l\u00e4ngre \u00e4n 30 minuter. Detta m\u00f6jligg\u00f6r en lugn och omsorgsfullt utformad ceremoni, samtidigt som allt h\u00e5lls i ordning och st\u00e4mmer \u00f6verens med resten av dagens program.<\/p>\r\n<p>Vi erbjuder flerspr\u00e5kiga tj\u00e4nster: vi kan h\u00e5lla din ceremoni p\u00e5 spanska, franska, engelska, tyska, portugisiska, italienska, nederl\u00e4ndska, svenska och ryska eller en kombination av dessa spr\u00e5k.<\/p>\r\n<p>Oavsett vilken typ av fest som \u00e4ger rum kan vi anpassa oss till dina behov tack vare v\u00e5rt inkluderande tillv\u00e4gag\u00e5ngss\u00e4tt.<\/p>\r\n\r\n\r\n\r\n<figure class=\"wp-block-image\"><img decoding=\"async\" class=\"wp-image-128\" src=\"https:\/\/www.oficiantebodasciviles.es\/wp-content\/uploads\/2016\/08\/Wedding-minister-english-spanish-french-portugues-italian-german-swedish.jpg\" alt=\"Br\u00f6llops minister engelska spanska franska portugisiska italienska tyska svenska\" \/><\/figure>\r\n\r\n\r\n\r\n<p>Vi arbetar \u00e4ven i Sevilla, Granada, Huelva, Cadiz, Ja\u00e9n, C\u00f3rdoba och Almer\u00eda. Beg\u00e4r tillg\u00e4nglighet, ingen f\u00f6rpliktelse.<\/p>\r\n","protected":false},"excerpt":{"rendered":"<p>Br\u00f6llopsceremonier i hela Andalusien Oficiantes Andaluc\u00eda \u00e4r en sammanslutning av symboliska vigself\u00f6rr\u00e4ttare i Malaga, Spanien, som grundades 2008. Vi genomf\u00f6r br\u00f6llopsceremonier i hela Andalusien, Spanien, och skapar personliga evenemang som \u00e5terspeglar brudparets unika personlighet. Teamet grundades av Antonio Sanchez och best\u00e5r av flera yrkesm\u00e4n som g\u00e4rna hj\u00e4lper dig att skapa[&#8230;]<\/p>\n","protected":false},"author":1,"featured_media":2503,"parent":0,"menu_order":0,"comment_status":"closed","ping_status":"closed","template":"template-portfolio-listing.php","meta":{"footnotes":""},"class_list":["post-2497","page","type-page","status-publish","has-post-thumbnail","hentry"],"yoast_head":"<!-- This site is optimized with the Yoast SEO plugin v27.4 - https:\/\/yoast.com\/product\/yoast-seo-wordpress\/ -->\n<title>Portf\u00f6lj - Officiell celebrant av civilier i Malaga och provinsen<\/title>\n<meta name=\"description\" content=\"Ceremonim\u00e4stare och civila br\u00f6llop officiants i Malaga, Sevilla, Cadiz, Huelva, C\u00f3rdoba, Ja\u00e9n, Almer\u00eda och Granada. Ceremonier p\u00e5 engelska, spanska, franska, ryska, italienska, svenska, tyska, holl\u00e4ndska och portugisiska. Informera dig sj\u00e4lv utan f\u00f6rpliktelse.\" \/>\n<meta name=\"robots\" content=\"index, follow, max-snippet:-1, max-image-preview:large, max-video-preview:-1\" \/>\n<link rel=\"canonical\" href=\"https:\/\/www.oficiantebodasciviles.es\/sv\/portfolio\/\" \/>\n<meta property=\"og:locale\" content=\"sv_SE\" \/>\n<meta property=\"og:type\" content=\"article\" \/>\n<meta property=\"og:title\" content=\"Portf\u00f6lj - Officiell celebrant av civilier i Malaga och provinsen\" \/>\n<meta property=\"og:description\" content=\"Ceremonim\u00e4stare och civila br\u00f6llop officiants i Malaga, Sevilla, Cadiz, Huelva, C\u00f3rdoba, Ja\u00e9n, Almer\u00eda och Granada. Ceremonier p\u00e5 engelska, spanska, franska, ryska, italienska, svenska, tyska, holl\u00e4ndska och portugisiska. Informera dig sj\u00e4lv utan f\u00f6rpliktelse.\" \/>\n<meta property=\"og:url\" content=\"https:\/\/www.oficiantebodasciviles.es\/sv\/portfolio\/\" \/>\n<meta property=\"og:site_name\" content=\"Officiell celebrant av civilier i Malaga och provinsen\" \/>\n<meta property=\"article:modified_time\" content=\"2021-05-09T10:17:41+00:00\" \/>\n<meta property=\"og:image\" content=\"https:\/\/www.oficiantebodasciviles.es\/wp-content\/uploads\/2016\/08\/Oficiantebodasciviles1.jpg\" \/>\n\t<meta property=\"og:image:width\" content=\"567\" \/>\n\t<meta property=\"og:image:height\" content=\"378\" \/>\n\t<meta property=\"og:image:type\" content=\"image\/jpeg\" \/>\n<meta name=\"twitter:card\" content=\"summary_large_image\" \/>\n<meta name=\"twitter:label1\" content=\"Ber\u00e4knad l\u00e4stid\" \/>\n\t<meta name=\"twitter:data1\" content=\"2 minuter\" \/>\n<script type=\"application\/ld+json\" class=\"yoast-schema-graph\">{\"@context\":\"https:\\\/\\\/schema.org\",\"@graph\":[{\"@type\":\"WebPage\",\"@id\":\"https:\\\/\\\/www.oficiantebodasciviles.es\\\/sv\\\/portfolio\\\/\",\"url\":\"https:\\\/\\\/www.oficiantebodasciviles.es\\\/sv\\\/portfolio\\\/\",\"name\":\"Portf\u00f6lj - Officiell celebrant av civilier i Malaga och provinsen\",\"isPartOf\":{\"@id\":\"https:\\\/\\\/www.oficiantebodasciviles.es\\\/sv\\\/#website\"},\"primaryImageOfPage\":{\"@id\":\"https:\\\/\\\/www.oficiantebodasciviles.es\\\/sv\\\/portfolio\\\/#primaryimage\"},\"image\":{\"@id\":\"https:\\\/\\\/www.oficiantebodasciviles.es\\\/sv\\\/portfolio\\\/#primaryimage\"},\"thumbnailUrl\":\"https:\\\/\\\/www.oficiantebodasciviles.es\\\/wp-content\\\/uploads\\\/2016\\\/08\\\/Oficiantebodasciviles1.jpg\",\"datePublished\":\"2018-11-27T10:50:11+00:00\",\"dateModified\":\"2021-05-09T10:17:41+00:00\",\"description\":\"Ceremonim\u00e4stare och civila br\u00f6llop officiants i Malaga, Sevilla, Cadiz, Huelva, C\u00f3rdoba, Ja\u00e9n, Almer\u00eda och Granada. Ceremonier p\u00e5 engelska, spanska, franska, ryska, italienska, svenska, tyska, holl\u00e4ndska och portugisiska. Informera dig sj\u00e4lv utan f\u00f6rpliktelse.\",\"breadcrumb\":{\"@id\":\"https:\\\/\\\/www.oficiantebodasciviles.es\\\/sv\\\/portfolio\\\/#breadcrumb\"},\"inLanguage\":\"sv-SE\",\"potentialAction\":[{\"@type\":\"ReadAction\",\"target\":[\"https:\\\/\\\/www.oficiantebodasciviles.es\\\/sv\\\/portfolio\\\/\"]}]},{\"@type\":\"ImageObject\",\"inLanguage\":\"sv-SE\",\"@id\":\"https:\\\/\\\/www.oficiantebodasciviles.es\\\/sv\\\/portfolio\\\/#primaryimage\",\"url\":\"https:\\\/\\\/www.oficiantebodasciviles.es\\\/wp-content\\\/uploads\\\/2016\\\/08\\\/Oficiantebodasciviles1.jpg\",\"contentUrl\":\"https:\\\/\\\/www.oficiantebodasciviles.es\\\/wp-content\\\/uploads\\\/2016\\\/08\\\/Oficiantebodasciviles1.jpg\",\"width\":567,\"height\":378,\"caption\":\"Officiant C\u00e9r\u00e9pengar Marbella Blessing ceremoni engelska spanska franska. Borgerligt br\u00f6llop Malaga. Ceremonim\u00e4stare.\"},{\"@type\":\"BreadcrumbList\",\"@id\":\"https:\\\/\\\/www.oficiantebodasciviles.es\\\/sv\\\/portfolio\\\/#breadcrumb\",\"itemListElement\":[{\"@type\":\"ListItem\",\"position\":1,\"name\":\"Portada\",\"item\":\"https:\\\/\\\/www.oficiantebodasciviles.es\\\/sv\\\/\"},{\"@type\":\"ListItem\",\"position\":2,\"name\":\"Portf\u00f6lj\"}]},{\"@type\":\"WebSite\",\"@id\":\"https:\\\/\\\/www.oficiantebodasciviles.es\\\/sv\\\/#website\",\"url\":\"https:\\\/\\\/www.oficiantebodasciviles.es\\\/sv\\\/\",\"name\":\"Oficiantes\",\"description\":\"Bodas civiles en Andaluc\u00eda.\",\"publisher\":{\"@id\":\"https:\\\/\\\/www.oficiantebodasciviles.es\\\/sv\\\/#organization\"},\"potentialAction\":[{\"@type\":\"SearchAction\",\"target\":{\"@type\":\"EntryPoint\",\"urlTemplate\":\"https:\\\/\\\/www.oficiantebodasciviles.es\\\/sv\\\/?s={search_term_string}\"},\"query-input\":{\"@type\":\"PropertyValueSpecification\",\"valueRequired\":true,\"valueName\":\"search_term_string\"}}],\"inLanguage\":\"sv-SE\"},{\"@type\":\"Organization\",\"@id\":\"https:\\\/\\\/www.oficiantebodasciviles.es\\\/sv\\\/#organization\",\"name\":\"Oficiantes Andaluc\u00eda\",\"url\":\"https:\\\/\\\/www.oficiantebodasciviles.es\\\/sv\\\/\",\"logo\":{\"@type\":\"ImageObject\",\"inLanguage\":\"sv-SE\",\"@id\":\"https:\\\/\\\/www.oficiantebodasciviles.es\\\/sv\\\/#\\\/schema\\\/logo\\\/image\\\/\",\"url\":\"https:\\\/\\\/www.oficiantebodasciviles.es\\\/wp-content\\\/uploads\\\/2016\\\/08\\\/Tarjeta-oficiante-bodas-300x300-1.png\",\"contentUrl\":\"https:\\\/\\\/www.oficiantebodasciviles.es\\\/wp-content\\\/uploads\\\/2016\\\/08\\\/Tarjeta-oficiante-bodas-300x300-1.png\",\"width\":142,\"height\":136,\"caption\":\"Oficiantes Andaluc\u00eda\"},\"image\":{\"@id\":\"https:\\\/\\\/www.oficiantebodasciviles.es\\\/sv\\\/#\\\/schema\\\/logo\\\/image\\\/\"}}]}<\/script>\n<!-- \/ Yoast SEO plugin. -->","yoast_head_json":{"title":"Portf\u00f6lj - Officiell celebrant av civilier i Malaga och provinsen","description":"Ceremonim\u00e4stare och civila br\u00f6llop officiants i Malaga, Sevilla, Cadiz, Huelva, C\u00f3rdoba, Ja\u00e9n, Almer\u00eda och Granada. Ceremonier p\u00e5 engelska, spanska, franska, ryska, italienska, svenska, tyska, holl\u00e4ndska och portugisiska. Informera dig sj\u00e4lv utan f\u00f6rpliktelse.","robots":{"index":"index","follow":"follow","max-snippet":"max-snippet:-1","max-image-preview":"max-image-preview:large","max-video-preview":"max-video-preview:-1"},"canonical":"https:\/\/www.oficiantebodasciviles.es\/sv\/portfolio\/","og_locale":"sv_SE","og_type":"article","og_title":"Portf\u00f6lj - Officiell celebrant av civilier i Malaga och provinsen","og_description":"Ceremonim\u00e4stare och civila br\u00f6llop officiants i Malaga, Sevilla, Cadiz, Huelva, C\u00f3rdoba, Ja\u00e9n, Almer\u00eda och Granada. Ceremonier p\u00e5 engelska, spanska, franska, ryska, italienska, svenska, tyska, holl\u00e4ndska och portugisiska. Informera dig sj\u00e4lv utan f\u00f6rpliktelse.","og_url":"https:\/\/www.oficiantebodasciviles.es\/sv\/portfolio\/","og_site_name":"Officiell celebrant av civilier i Malaga och provinsen","article_modified_time":"2021-05-09T10:17:41+00:00","og_image":[{"width":567,"height":378,"url":"https:\/\/www.oficiantebodasciviles.es\/wp-content\/uploads\/2016\/08\/Oficiantebodasciviles1.jpg","type":"image\/jpeg"}],"twitter_card":"summary_large_image","twitter_misc":{"Ber\u00e4knad l\u00e4stid":"2 minuter"},"schema":{"@context":"https:\/\/schema.org","@graph":[{"@type":"WebPage","@id":"https:\/\/www.oficiantebodasciviles.es\/sv\/portfolio\/","url":"https:\/\/www.oficiantebodasciviles.es\/sv\/portfolio\/","name":"Portf\u00f6lj - Officiell celebrant av civilier i Malaga och provinsen","isPartOf":{"@id":"https:\/\/www.oficiantebodasciviles.es\/sv\/#website"},"primaryImageOfPage":{"@id":"https:\/\/www.oficiantebodasciviles.es\/sv\/portfolio\/#primaryimage"},"image":{"@id":"https:\/\/www.oficiantebodasciviles.es\/sv\/portfolio\/#primaryimage"},"thumbnailUrl":"https:\/\/www.oficiantebodasciviles.es\/wp-content\/uploads\/2016\/08\/Oficiantebodasciviles1.jpg","datePublished":"2018-11-27T10:50:11+00:00","dateModified":"2021-05-09T10:17:41+00:00","description":"Ceremonim\u00e4stare och civila br\u00f6llop officiants i Malaga, Sevilla, Cadiz, Huelva, C\u00f3rdoba, Ja\u00e9n, Almer\u00eda och Granada. Ceremonier p\u00e5 engelska, spanska, franska, ryska, italienska, svenska, tyska, holl\u00e4ndska och portugisiska. Informera dig sj\u00e4lv utan f\u00f6rpliktelse.","breadcrumb":{"@id":"https:\/\/www.oficiantebodasciviles.es\/sv\/portfolio\/#breadcrumb"},"inLanguage":"sv-SE","potentialAction":[{"@type":"ReadAction","target":["https:\/\/www.oficiantebodasciviles.es\/sv\/portfolio\/"]}]},{"@type":"ImageObject","inLanguage":"sv-SE","@id":"https:\/\/www.oficiantebodasciviles.es\/sv\/portfolio\/#primaryimage","url":"https:\/\/www.oficiantebodasciviles.es\/wp-content\/uploads\/2016\/08\/Oficiantebodasciviles1.jpg","contentUrl":"https:\/\/www.oficiantebodasciviles.es\/wp-content\/uploads\/2016\/08\/Oficiantebodasciviles1.jpg","width":567,"height":378,"caption":"Officiant C\u00e9r\u00e9pengar Marbella Blessing ceremoni engelska spanska franska. Borgerligt br\u00f6llop Malaga. Ceremonim\u00e4stare."},{"@type":"BreadcrumbList","@id":"https:\/\/www.oficiantebodasciviles.es\/sv\/portfolio\/#breadcrumb","itemListElement":[{"@type":"ListItem","position":1,"name":"Portada","item":"https:\/\/www.oficiantebodasciviles.es\/sv\/"},{"@type":"ListItem","position":2,"name":"Portf\u00f6lj"}]},{"@type":"WebSite","@id":"https:\/\/www.oficiantebodasciviles.es\/sv\/#website","url":"https:\/\/www.oficiantebodasciviles.es\/sv\/","name":"Oficiantes","description":"Bodas civiles en Andaluc\u00eda.","publisher":{"@id":"https:\/\/www.oficiantebodasciviles.es\/sv\/#organization"},"potentialAction":[{"@type":"SearchAction","target":{"@type":"EntryPoint","urlTemplate":"https:\/\/www.oficiantebodasciviles.es\/sv\/?s={search_term_string}"},"query-input":{"@type":"PropertyValueSpecification","valueRequired":true,"valueName":"search_term_string"}}],"inLanguage":"sv-SE"},{"@type":"Organization","@id":"https:\/\/www.oficiantebodasciviles.es\/sv\/#organization","name":"Oficiantes Andaluc\u00eda","url":"https:\/\/www.oficiantebodasciviles.es\/sv\/","logo":{"@type":"ImageObject","inLanguage":"sv-SE","@id":"https:\/\/www.oficiantebodasciviles.es\/sv\/#\/schema\/logo\/image\/","url":"https:\/\/www.oficiantebodasciviles.es\/wp-content\/uploads\/2016\/08\/Tarjeta-oficiante-bodas-300x300-1.png","contentUrl":"https:\/\/www.oficiantebodasciviles.es\/wp-content\/uploads\/2016\/08\/Tarjeta-oficiante-bodas-300x300-1.png","width":142,"height":136,"caption":"Oficiantes Andaluc\u00eda"},"image":{"@id":"https:\/\/www.oficiantebodasciviles.es\/sv\/#\/schema\/logo\/image\/"}}]}},"_links":{"self":[{"href":"https:\/\/www.oficiantebodasciviles.es\/sv\/wp-json\/wp\/v2\/pages\/2497","targetHints":{"allow":["GET"]}}],"collection":[{"href":"https:\/\/www.oficiantebodasciviles.es\/sv\/wp-json\/wp\/v2\/pages"}],"about":[{"href":"https:\/\/www.oficiantebodasciviles.es\/sv\/wp-json\/wp\/v2\/types\/page"}],"author":[{"embeddable":true,"href":"https:\/\/www.oficiantebodasciviles.es\/sv\/wp-json\/wp\/v2\/users\/1"}],"replies":[{"embeddable":true,"href":"https:\/\/www.oficiantebodasciviles.es\/sv\/wp-json\/wp\/v2\/comments?post=2497"}],"version-history":[{"count":6,"href":"https:\/\/www.oficiantebodasciviles.es\/sv\/wp-json\/wp\/v2\/pages\/2497\/revisions"}],"predecessor-version":[{"id":6400,"href":"https:\/\/www.oficiantebodasciviles.es\/sv\/wp-json\/wp\/v2\/pages\/2497\/revisions\/6400"}],"wp:featuredmedia":[{"embeddable":true,"href":"https:\/\/www.oficiantebodasciviles.es\/sv\/wp-json\/wp\/v2\/media\/2503"}],"wp:attachment":[{"href":"https:\/\/www.oficiantebodasciviles.es\/sv\/wp-json\/wp\/v2\/media?parent=2497"}],"curies":[{"name":"wp","href":"https:\/\/api.w.org\/{rel}","templated":true}]}}