{"id":799,"date":"2016-08-23T17:05:30","date_gmt":"2016-08-23T17:05:30","guid":{"rendered":"http:\/\/www.oficiantebodasciviles.es\/portafolio\/"},"modified":"2021-05-09T11:14:15","modified_gmt":"2021-05-09T10:14:15","slug":"portfolio","status":"publish","type":"page","link":"https:\/\/www.oficiantebodasciviles.es\/fr\/portfolio\/","title":{"rendered":"porte-documents"},"content":{"rendered":"\r\n<p>C\u00e9r\u00e9monies de mariage dans toute l&#8217;Andalousie<\/p>\r\n<p>Oficiantes Andaluc\u00eda est une association de c\u00e9l\u00e9brants de mariages symboliques bas\u00e9e \u00e0 Malaga, en Espagne, fond\u00e9e en 2008. Nous r\u00e9alisons des c\u00e9r\u00e9monies de mariage dans toute l&#8217;Andalousie, en Espagne, en cr\u00e9ant des \u00e9v\u00e9nements personnalis\u00e9s qui refl\u00e8tent la personnalit\u00e9 unique des mari\u00e9s. Fond\u00e9e par Antonio Sanchez, l&#8217;\u00e9quipe se compose de plusieurs professionnels, heureux de vous aider \u00e0 cr\u00e9er votre c\u00e9r\u00e9monie de mariage parfaite.<\/p>\r\n<p><img loading=\"lazy\" decoding=\"async\" class=\"alignleft wp-image-4669 size-full\" src=\"https:\/\/www.oficiantebodasciviles.es\/wp-content\/uploads\/2019\/08\/Maestros-de-ceremonias-en-La-Alcaidesa-San-Roque-Cadiz-Oficiantes-de-bodas-3.jpg\" alt=\"Wedding-minister-in-La-Alcaidesa-San-Roque-Cadiz-Sotogrande\" width=\"3968\" height=\"2976\" \/><\/p>\r\n<p><br \/>C\u00e9r\u00e9monies symboliques.<\/p>\r\n<p>Nous ne r\u00e9alisons que des c\u00e9r\u00e9monies de mariage symboliques. En Espagne, la seule fa\u00e7on de se marier l\u00e9galement est de passer par un pr\u00eatre, un juge ou un conseiller, nous ne sommes rien de tout cela. Par cons\u00e9quent, bien que nous ne puissions pas nous marier de la mani\u00e8re formelle et impersonnelle exig\u00e9e par la loi, nous pouvons r\u00e9aliser une c\u00e9r\u00e9monie de mariage enti\u00e8rement sur mesure pour votre journ\u00e9e, une c\u00e9r\u00e9monie unique qui refl\u00e8te les mari\u00e9s.<\/p>\r\n<p>Services offerts<\/p>\r\n<p>Les c\u00e9r\u00e9monies de mariage sur mesure cr\u00e9\u00e9es par Officiants Andaluc\u00eda permettent aux couples qui souhaitent c\u00e9l\u00e9brer leur mariage en Andalousie de le faire dans les meilleures conditions et avec une garantie et un professionnalisme totaux, ils seront entre de bonnes mains. Gr\u00e2ce \u00e0 une combinaison de communication, de coordination, de planification et d&#8217;assistance cr\u00e9ative, nous sommes en mesure de donner vie \u00e0 votre c\u00e9r\u00e9monie en Andalousie, jusqu&#8217;au moment o\u00f9 vous descendez l&#8217;all\u00e9e en tant que jeunes mari\u00e9s.<\/p>\r\n<p>Nous r\u00e9alisons normalement des c\u00e9r\u00e9monies qui ne durent pas plus de trente minutes. Cela permet d&#8217;organiser une c\u00e9r\u00e9monie sans h\u00e2te et avec amour, tout en gardant l&#8217;ordre et en respectant le reste du programme de la journ\u00e9e.<\/p>\r\n<p>Nous offrons des services multilingues : nous pouvons officier votre c\u00e9r\u00e9monie en espagnol, fran\u00e7ais, anglais, allemand, portugais, italien, n\u00e9erlandais, su\u00e9dois et russe ou une combinaison de ces langues.<\/p>\r\n<p>Quel que soit le type de c\u00e9l\u00e9bration, nous sommes en mesure de nous adapter \u00e0 vos besoins gr\u00e2ce \u00e0 notre approche inclusive.<\/p>\r\n\r\n\r\n\r\n<figure class=\"wp-block-image\"><img decoding=\"async\" class=\"wp-image-128\" src=\"https:\/\/www.oficiantebodasciviles.es\/wp-content\/uploads\/2016\/08\/Wedding-minister-english-spanish-french-portugues-italian-german-swedish.jpg\" alt=\"Ministre de mariage anglais espagnol fran\u00e7ais portugais italien su\u00e9dois\" \/><\/figure>\r\n\r\n\r\n\r\n<p>Nous travaillons \u00e9galement \u00e0 S\u00e9ville, Grenade, Huelva, Cadix, Ja\u00e9n, Cordoue et Almeria. Demande disponibilit\u00e9, aucune obligation.<\/p>\r\n","protected":false},"excerpt":{"rendered":"<p>C\u00e9r\u00e9monies de mariage dans toute l&#8217;Andalousie Oficiantes Andaluc\u00eda est une association de c\u00e9l\u00e9brants de mariages symboliques bas\u00e9e \u00e0 Malaga, en Espagne, fond\u00e9e en 2008. Nous r\u00e9alisons des c\u00e9r\u00e9monies de mariage dans toute l&#8217;Andalousie, en Espagne, en cr\u00e9ant des \u00e9v\u00e9nements personnalis\u00e9s qui refl\u00e8tent la personnalit\u00e9 unique des mari\u00e9s. Fond\u00e9e par Antonio[&#8230;]<\/p>\n","protected":false},"author":1,"featured_media":263,"parent":0,"menu_order":0,"comment_status":"closed","ping_status":"closed","template":"template-portfolio-listing.php","meta":{"footnotes":""},"class_list":["post-799","page","type-page","status-publish","has-post-thumbnail","hentry"],"yoast_head":"<!-- This site is optimized with the Yoast SEO plugin v27.4 - https:\/\/yoast.com\/product\/yoast-seo-wordpress\/ -->\n<title>Officiant de c\u00e9r\u00e9monies civiles Malaga, Marbella, Tarifa, Granada, Sevilla, Cordoba, Almeria<\/title>\n<meta name=\"description\" content=\"C\u00e9l\u00e9brant de c\u00e9r\u00e9monie civil \u00e0 Malaga, S\u00e9ville, Cadix, Cordoue, Grenade, Madrid, Lisbonne... En anglais, espagnol, fran\u00e7ais, russe, italien, su\u00e9dois, allemand, n\u00e9erlandais et portugais.\" \/>\n<meta name=\"robots\" content=\"index, follow, max-snippet:-1, max-image-preview:large, max-video-preview:-1\" \/>\n<link rel=\"canonical\" href=\"https:\/\/www.oficiantebodasciviles.es\/fr\/portfolio\/\" \/>\n<meta property=\"og:locale\" content=\"fr_FR\" \/>\n<meta property=\"og:type\" content=\"article\" \/>\n<meta property=\"og:title\" content=\"Officiant de c\u00e9r\u00e9monies civiles Malaga, Marbella, Tarifa, Granada, Sevilla, Cordoba, Almeria\" \/>\n<meta property=\"og:description\" content=\"C\u00e9l\u00e9brant de c\u00e9r\u00e9monie civil \u00e0 Malaga, S\u00e9ville, Cadix, Cordoue, Grenade, Madrid, Lisbonne... En anglais, espagnol, fran\u00e7ais, russe, italien, su\u00e9dois, allemand, n\u00e9erlandais et portugais.\" \/>\n<meta property=\"og:url\" content=\"https:\/\/www.oficiantebodasciviles.es\/fr\/portfolio\/\" \/>\n<meta property=\"og:site_name\" content=\"Officiant celebrant de mariages civils \u00e0 Malaga et province\" \/>\n<meta property=\"article:modified_time\" content=\"2021-05-09T10:14:15+00:00\" \/>\n<meta property=\"og:image\" content=\"https:\/\/www.oficiantebodasciviles.es\/wp-content\/uploads\/2016\/08\/Oficiantebodasciviles1.jpg\" \/>\n\t<meta property=\"og:image:width\" content=\"567\" \/>\n\t<meta property=\"og:image:height\" content=\"378\" \/>\n\t<meta property=\"og:image:type\" content=\"image\/jpeg\" \/>\n<meta name=\"twitter:card\" content=\"summary_large_image\" \/>\n<meta name=\"twitter:label1\" content=\"Dur\u00e9e de lecture estim\u00e9e\" \/>\n\t<meta name=\"twitter:data1\" content=\"2 minutes\" \/>\n<script type=\"application\/ld+json\" class=\"yoast-schema-graph\">{\"@context\":\"https:\\\/\\\/schema.org\",\"@graph\":[{\"@type\":\"WebPage\",\"@id\":\"https:\\\/\\\/www.oficiantebodasciviles.es\\\/fr\\\/portfolio\\\/\",\"url\":\"https:\\\/\\\/www.oficiantebodasciviles.es\\\/fr\\\/portfolio\\\/\",\"name\":\"Officiant de c\u00e9r\u00e9monies civiles Malaga, Marbella, Tarifa, Granada, Sevilla, Cordoba, Almeria\",\"isPartOf\":{\"@id\":\"https:\\\/\\\/www.oficiantebodasciviles.es\\\/fr\\\/#website\"},\"primaryImageOfPage\":{\"@id\":\"https:\\\/\\\/www.oficiantebodasciviles.es\\\/fr\\\/portfolio\\\/#primaryimage\"},\"image\":{\"@id\":\"https:\\\/\\\/www.oficiantebodasciviles.es\\\/fr\\\/portfolio\\\/#primaryimage\"},\"thumbnailUrl\":\"https:\\\/\\\/www.oficiantebodasciviles.es\\\/wp-content\\\/uploads\\\/2016\\\/08\\\/Oficiantebodasciviles1.jpg\",\"datePublished\":\"2016-08-23T17:05:30+00:00\",\"dateModified\":\"2021-05-09T10:14:15+00:00\",\"description\":\"C\u00e9l\u00e9brant de c\u00e9r\u00e9monie civil \u00e0 Malaga, S\u00e9ville, Cadix, Cordoue, Grenade, Madrid, Lisbonne... En anglais, espagnol, fran\u00e7ais, russe, italien, su\u00e9dois, allemand, n\u00e9erlandais et portugais.\",\"breadcrumb\":{\"@id\":\"https:\\\/\\\/www.oficiantebodasciviles.es\\\/fr\\\/portfolio\\\/#breadcrumb\"},\"inLanguage\":\"fr-FR\",\"potentialAction\":[{\"@type\":\"ReadAction\",\"target\":[\"https:\\\/\\\/www.oficiantebodasciviles.es\\\/fr\\\/portfolio\\\/\"]}]},{\"@type\":\"ImageObject\",\"inLanguage\":\"fr-FR\",\"@id\":\"https:\\\/\\\/www.oficiantebodasciviles.es\\\/fr\\\/portfolio\\\/#primaryimage\",\"url\":\"https:\\\/\\\/www.oficiantebodasciviles.es\\\/wp-content\\\/uploads\\\/2016\\\/08\\\/Oficiantebodasciviles1.jpg\",\"contentUrl\":\"https:\\\/\\\/www.oficiantebodasciviles.es\\\/wp-content\\\/uploads\\\/2016\\\/08\\\/Oficiantebodasciviles1.jpg\",\"width\":567,\"height\":378,\"caption\":\"C\u00e9r\u00e9monies d'officiante Marbella C\u00e9r\u00e9monie de B\u00e9n\u00e9diction Anglais Fran\u00e7ais espagnol. Mariages civils Malaga. ma\u00eetre.\"},{\"@type\":\"BreadcrumbList\",\"@id\":\"https:\\\/\\\/www.oficiantebodasciviles.es\\\/fr\\\/portfolio\\\/#breadcrumb\",\"itemListElement\":[{\"@type\":\"ListItem\",\"position\":1,\"name\":\"Portada\",\"item\":\"https:\\\/\\\/www.oficiantebodasciviles.es\\\/fr\\\/\"},{\"@type\":\"ListItem\",\"position\":2,\"name\":\"porte-documents\"}]},{\"@type\":\"WebSite\",\"@id\":\"https:\\\/\\\/www.oficiantebodasciviles.es\\\/fr\\\/#website\",\"url\":\"https:\\\/\\\/www.oficiantebodasciviles.es\\\/fr\\\/\",\"name\":\"Oficiantes\",\"description\":\"Bodas civiles en Andaluc\u00eda.\",\"publisher\":{\"@id\":\"https:\\\/\\\/www.oficiantebodasciviles.es\\\/fr\\\/#organization\"},\"potentialAction\":[{\"@type\":\"SearchAction\",\"target\":{\"@type\":\"EntryPoint\",\"urlTemplate\":\"https:\\\/\\\/www.oficiantebodasciviles.es\\\/fr\\\/?s={search_term_string}\"},\"query-input\":{\"@type\":\"PropertyValueSpecification\",\"valueRequired\":true,\"valueName\":\"search_term_string\"}}],\"inLanguage\":\"fr-FR\"},{\"@type\":\"Organization\",\"@id\":\"https:\\\/\\\/www.oficiantebodasciviles.es\\\/fr\\\/#organization\",\"name\":\"Oficiantes Andaluc\u00eda\",\"url\":\"https:\\\/\\\/www.oficiantebodasciviles.es\\\/fr\\\/\",\"logo\":{\"@type\":\"ImageObject\",\"inLanguage\":\"fr-FR\",\"@id\":\"https:\\\/\\\/www.oficiantebodasciviles.es\\\/fr\\\/#\\\/schema\\\/logo\\\/image\\\/\",\"url\":\"https:\\\/\\\/www.oficiantebodasciviles.es\\\/wp-content\\\/uploads\\\/2016\\\/08\\\/Tarjeta-oficiante-bodas-300x300-1.png\",\"contentUrl\":\"https:\\\/\\\/www.oficiantebodasciviles.es\\\/wp-content\\\/uploads\\\/2016\\\/08\\\/Tarjeta-oficiante-bodas-300x300-1.png\",\"width\":142,\"height\":136,\"caption\":\"Oficiantes Andaluc\u00eda\"},\"image\":{\"@id\":\"https:\\\/\\\/www.oficiantebodasciviles.es\\\/fr\\\/#\\\/schema\\\/logo\\\/image\\\/\"}}]}<\/script>\n<!-- \/ Yoast SEO plugin. -->","yoast_head_json":{"title":"Officiant de c\u00e9r\u00e9monies civiles Malaga, Marbella, Tarifa, Granada, Sevilla, Cordoba, Almeria","description":"C\u00e9l\u00e9brant de c\u00e9r\u00e9monie civil \u00e0 Malaga, S\u00e9ville, Cadix, Cordoue, Grenade, Madrid, Lisbonne... En anglais, espagnol, fran\u00e7ais, russe, italien, su\u00e9dois, allemand, n\u00e9erlandais et portugais.","robots":{"index":"index","follow":"follow","max-snippet":"max-snippet:-1","max-image-preview":"max-image-preview:large","max-video-preview":"max-video-preview:-1"},"canonical":"https:\/\/www.oficiantebodasciviles.es\/fr\/portfolio\/","og_locale":"fr_FR","og_type":"article","og_title":"Officiant de c\u00e9r\u00e9monies civiles Malaga, Marbella, Tarifa, Granada, Sevilla, Cordoba, Almeria","og_description":"C\u00e9l\u00e9brant de c\u00e9r\u00e9monie civil \u00e0 Malaga, S\u00e9ville, Cadix, Cordoue, Grenade, Madrid, Lisbonne... En anglais, espagnol, fran\u00e7ais, russe, italien, su\u00e9dois, allemand, n\u00e9erlandais et portugais.","og_url":"https:\/\/www.oficiantebodasciviles.es\/fr\/portfolio\/","og_site_name":"Officiant celebrant de mariages civils \u00e0 Malaga et province","article_modified_time":"2021-05-09T10:14:15+00:00","og_image":[{"width":567,"height":378,"url":"https:\/\/www.oficiantebodasciviles.es\/wp-content\/uploads\/2016\/08\/Oficiantebodasciviles1.jpg","type":"image\/jpeg"}],"twitter_card":"summary_large_image","twitter_misc":{"Dur\u00e9e de lecture estim\u00e9e":"2 minutes"},"schema":{"@context":"https:\/\/schema.org","@graph":[{"@type":"WebPage","@id":"https:\/\/www.oficiantebodasciviles.es\/fr\/portfolio\/","url":"https:\/\/www.oficiantebodasciviles.es\/fr\/portfolio\/","name":"Officiant de c\u00e9r\u00e9monies civiles Malaga, Marbella, Tarifa, Granada, Sevilla, Cordoba, Almeria","isPartOf":{"@id":"https:\/\/www.oficiantebodasciviles.es\/fr\/#website"},"primaryImageOfPage":{"@id":"https:\/\/www.oficiantebodasciviles.es\/fr\/portfolio\/#primaryimage"},"image":{"@id":"https:\/\/www.oficiantebodasciviles.es\/fr\/portfolio\/#primaryimage"},"thumbnailUrl":"https:\/\/www.oficiantebodasciviles.es\/wp-content\/uploads\/2016\/08\/Oficiantebodasciviles1.jpg","datePublished":"2016-08-23T17:05:30+00:00","dateModified":"2021-05-09T10:14:15+00:00","description":"C\u00e9l\u00e9brant de c\u00e9r\u00e9monie civil \u00e0 Malaga, S\u00e9ville, Cadix, Cordoue, Grenade, Madrid, Lisbonne... En anglais, espagnol, fran\u00e7ais, russe, italien, su\u00e9dois, allemand, n\u00e9erlandais et portugais.","breadcrumb":{"@id":"https:\/\/www.oficiantebodasciviles.es\/fr\/portfolio\/#breadcrumb"},"inLanguage":"fr-FR","potentialAction":[{"@type":"ReadAction","target":["https:\/\/www.oficiantebodasciviles.es\/fr\/portfolio\/"]}]},{"@type":"ImageObject","inLanguage":"fr-FR","@id":"https:\/\/www.oficiantebodasciviles.es\/fr\/portfolio\/#primaryimage","url":"https:\/\/www.oficiantebodasciviles.es\/wp-content\/uploads\/2016\/08\/Oficiantebodasciviles1.jpg","contentUrl":"https:\/\/www.oficiantebodasciviles.es\/wp-content\/uploads\/2016\/08\/Oficiantebodasciviles1.jpg","width":567,"height":378,"caption":"C\u00e9r\u00e9monies d'officiante Marbella C\u00e9r\u00e9monie de B\u00e9n\u00e9diction Anglais Fran\u00e7ais espagnol. Mariages civils Malaga. ma\u00eetre."},{"@type":"BreadcrumbList","@id":"https:\/\/www.oficiantebodasciviles.es\/fr\/portfolio\/#breadcrumb","itemListElement":[{"@type":"ListItem","position":1,"name":"Portada","item":"https:\/\/www.oficiantebodasciviles.es\/fr\/"},{"@type":"ListItem","position":2,"name":"porte-documents"}]},{"@type":"WebSite","@id":"https:\/\/www.oficiantebodasciviles.es\/fr\/#website","url":"https:\/\/www.oficiantebodasciviles.es\/fr\/","name":"Oficiantes","description":"Bodas civiles en Andaluc\u00eda.","publisher":{"@id":"https:\/\/www.oficiantebodasciviles.es\/fr\/#organization"},"potentialAction":[{"@type":"SearchAction","target":{"@type":"EntryPoint","urlTemplate":"https:\/\/www.oficiantebodasciviles.es\/fr\/?s={search_term_string}"},"query-input":{"@type":"PropertyValueSpecification","valueRequired":true,"valueName":"search_term_string"}}],"inLanguage":"fr-FR"},{"@type":"Organization","@id":"https:\/\/www.oficiantebodasciviles.es\/fr\/#organization","name":"Oficiantes Andaluc\u00eda","url":"https:\/\/www.oficiantebodasciviles.es\/fr\/","logo":{"@type":"ImageObject","inLanguage":"fr-FR","@id":"https:\/\/www.oficiantebodasciviles.es\/fr\/#\/schema\/logo\/image\/","url":"https:\/\/www.oficiantebodasciviles.es\/wp-content\/uploads\/2016\/08\/Tarjeta-oficiante-bodas-300x300-1.png","contentUrl":"https:\/\/www.oficiantebodasciviles.es\/wp-content\/uploads\/2016\/08\/Tarjeta-oficiante-bodas-300x300-1.png","width":142,"height":136,"caption":"Oficiantes Andaluc\u00eda"},"image":{"@id":"https:\/\/www.oficiantebodasciviles.es\/fr\/#\/schema\/logo\/image\/"}}]}},"_links":{"self":[{"href":"https:\/\/www.oficiantebodasciviles.es\/fr\/wp-json\/wp\/v2\/pages\/799","targetHints":{"allow":["GET"]}}],"collection":[{"href":"https:\/\/www.oficiantebodasciviles.es\/fr\/wp-json\/wp\/v2\/pages"}],"about":[{"href":"https:\/\/www.oficiantebodasciviles.es\/fr\/wp-json\/wp\/v2\/types\/page"}],"author":[{"embeddable":true,"href":"https:\/\/www.oficiantebodasciviles.es\/fr\/wp-json\/wp\/v2\/users\/1"}],"replies":[{"embeddable":true,"href":"https:\/\/www.oficiantebodasciviles.es\/fr\/wp-json\/wp\/v2\/comments?post=799"}],"version-history":[{"count":11,"href":"https:\/\/www.oficiantebodasciviles.es\/fr\/wp-json\/wp\/v2\/pages\/799\/revisions"}],"predecessor-version":[{"id":6399,"href":"https:\/\/www.oficiantebodasciviles.es\/fr\/wp-json\/wp\/v2\/pages\/799\/revisions\/6399"}],"wp:featuredmedia":[{"embeddable":true,"href":"https:\/\/www.oficiantebodasciviles.es\/fr\/wp-json\/wp\/v2\/media\/263"}],"wp:attachment":[{"href":"https:\/\/www.oficiantebodasciviles.es\/fr\/wp-json\/wp\/v2\/media?parent=799"}],"curies":[{"name":"wp","href":"https:\/\/api.w.org\/{rel}","templated":true}]}}