{"id":402,"date":"2016-11-19T14:31:16","date_gmt":"2016-11-19T14:31:16","guid":{"rendered":"http:\/\/www.oficiantebodasciviles.es\/en\/?page_id=402"},"modified":"2025-04-22T12:29:44","modified_gmt":"2025-04-22T11:29:44","slug":"very-personal-ceremonies","status":"publish","type":"page","link":"https:\/\/www.oficiantebodasciviles.es\/en\/","title":{"rendered":"Very personal ceremonies"},"content":{"rendered":"<p>I&#8217;m <span style=\"color: #ff0000;\">Antonio Gazules<\/span>\u00a0and I work as a wedding minister in Marbella and Malaga province. We offer you the possibility to celebrate your blessing in <span style=\"color: #808000;\">English<\/span>, <span style=\"color: #0000ff;\">French<\/span>, <span style=\"color: #ff0000;\">Spanish<\/span>, German,<span style=\"color: #008000;\"> Italian<\/span>, <span style=\"color: #008080;\">Portuguese<\/span>&#8230;<\/p>\n<p><img loading=\"lazy\" decoding=\"async\" class=\"alignnone wp-image-130 size-full\" src=\"https:\/\/www.oficiantebodasciviles.es\/wp-content\/uploads\/2016\/08\/Portada-Oficiante-ceremonias-civiles_Sotogrande.jpg\" alt=\"Portada Blessing ceremonies M\u00e1laga, wedding minister Marbella, officiant de c\u00e9r\u00e9monies civiles Cordou, Sevilla, Granada, C\u00f3rdoba\" width=\"864\" height=\"403\" srcset=\"https:\/\/www.oficiantebodasciviles.es\/wp-content\/uploads\/2016\/08\/Portada-Oficiante-ceremonias-civiles_Sotogrande.jpg 864w, https:\/\/www.oficiantebodasciviles.es\/wp-content\/uploads\/2016\/08\/Portada-Oficiante-ceremonias-civiles_Sotogrande-560x261.jpg 560w, https:\/\/www.oficiantebodasciviles.es\/wp-content\/uploads\/2016\/08\/Portada-Oficiante-ceremonias-civiles_Sotogrande-300x140.jpg 300w, https:\/\/www.oficiantebodasciviles.es\/wp-content\/uploads\/2016\/08\/Portada-Oficiante-ceremonias-civiles_Sotogrande-768x358.jpg 768w, https:\/\/www.oficiantebodasciviles.es\/wp-content\/uploads\/2016\/08\/Portada-Oficiante-ceremonias-civiles_Sotogrande-750x350.jpg 750w\" sizes=\"auto, (max-width: 864px) 100vw, 864px\" \/><\/p>\n<p>We celebrate civil symbolic ceremonies in Malaga and in the rest of Andalucia. If you are looking for a ceremony in English, French, Spanish, German, Italian, Portuguese, Swedish or in two languages at the same time, send us an email to: <strong>antonio@oficiantemalaga.es<\/strong><\/p>\n<p><img loading=\"lazy\" decoding=\"async\" class=\"alignnone wp-image-128 size-full\" src=\"https:\/\/www.oficiantebodasciviles.es\/wp-content\/uploads\/2016\/08\/Wedding-minister-english-spanish-french-portugues-italian-german-swedish.jpg\" alt=\"Wedding minister english spanish french portugues italian german swedish\" width=\"920\" height=\"77\" \/><\/p>\n","protected":false},"excerpt":{"rendered":"<p>I&#8217;m Antonio Gazules\u00a0and I work as a wedding minister in Marbella and Malaga province. We offer you the possibility to celebrate your blessing in English, French, Spanish, German, Italian, Portuguese&#8230; We celebrate civil symbolic ceremonies in Malaga and in the rest of Andalucia. If you are looking for a ceremony[&#8230;]<\/p>\n","protected":false},"author":1,"featured_media":0,"parent":0,"menu_order":0,"comment_status":"closed","ping_status":"open","template":"","meta":{"footnotes":""},"class_list":["post-402","page","type-page","status-publish","hentry"],"yoast_head":"<!-- This site is optimized with the Yoast SEO plugin v27.5 - https:\/\/yoast.com\/product\/yoast-seo-wordpress\/ -->\n<title>Blessing ceremonies \u00b7 Wedding minister Malaga, Marbella<\/title>\n<meta name=\"description\" content=\"Bodas civiles M\u00e1laga, Ceremonias civiles Marbella, oficiante bodas, maestro de ceremonias civiles, wedding minister, officiant celebrant mariages civiles. Blessing ceremonies Sevilla, Granada, Almer\u00eda, Cordoba, C\u00e1diz, Ja\u00e9n. Franc\u00e9s, ingl\u00e9s, sueco, alem\u00e1n, espa\u00f1ol, italiano...\" \/>\n<meta name=\"robots\" content=\"index, follow, max-snippet:-1, max-image-preview:large, max-video-preview:-1\" \/>\n<link rel=\"canonical\" href=\"https:\/\/www.oficiantebodasciviles.es\/en\/\" \/>\n<meta property=\"og:locale\" content=\"en_US\" \/>\n<meta property=\"og:type\" content=\"article\" \/>\n<meta property=\"og:title\" content=\"Blessing ceremonies \u00b7 Wedding minister Malaga, Marbella\" \/>\n<meta property=\"og:description\" content=\"Bodas civiles M\u00e1laga, Ceremonias civiles Marbella, oficiante bodas, maestro de ceremonias civiles, wedding minister, officiant celebrant mariages civiles. Blessing ceremonies Sevilla, Granada, Almer\u00eda, Cordoba, C\u00e1diz, Ja\u00e9n. Franc\u00e9s, ingl\u00e9s, sueco, alem\u00e1n, espa\u00f1ol, italiano...\" \/>\n<meta property=\"og:url\" content=\"https:\/\/www.oficiantebodasciviles.es\/en\/\" \/>\n<meta property=\"og:site_name\" content=\"Wedding minister Malaga\" \/>\n<meta property=\"article:modified_time\" content=\"2025-04-22T11:29:44+00:00\" \/>\n<meta property=\"og:image\" content=\"https:\/\/www.oficiantebodasciviles.es\/wp-content\/uploads\/2016\/08\/Portada-Oficiante-ceremonias-civiles_Sotogrande.jpg\" \/>\n\t<meta property=\"og:image:width\" content=\"864\" \/>\n\t<meta property=\"og:image:height\" content=\"403\" \/>\n\t<meta property=\"og:image:type\" content=\"image\/jpeg\" \/>\n<meta name=\"twitter:card\" content=\"summary_large_image\" \/>\n<meta name=\"twitter:label1\" content=\"Est. reading time\" \/>\n\t<meta name=\"twitter:data1\" content=\"1 minute\" \/>\n<script type=\"application\/ld+json\" class=\"yoast-schema-graph\">{\"@context\":\"https:\\\/\\\/schema.org\",\"@graph\":[{\"@type\":\"WebPage\",\"@id\":\"https:\\\/\\\/www.oficiantebodasciviles.es\\\/en\\\/\",\"url\":\"https:\\\/\\\/www.oficiantebodasciviles.es\\\/en\\\/\",\"name\":\"Blessing ceremonies \u00b7 Wedding minister Malaga, Marbella\",\"isPartOf\":{\"@id\":\"https:\\\/\\\/www.oficiantebodasciviles.es\\\/en\\\/#website\"},\"primaryImageOfPage\":{\"@id\":\"https:\\\/\\\/www.oficiantebodasciviles.es\\\/en\\\/#primaryimage\"},\"image\":{\"@id\":\"https:\\\/\\\/www.oficiantebodasciviles.es\\\/en\\\/#primaryimage\"},\"thumbnailUrl\":\"https:\\\/\\\/www.oficiantebodasciviles.es\\\/wp-content\\\/uploads\\\/2016\\\/08\\\/Portada-Oficiante-ceremonias-civiles_Sotogrande.jpg\",\"datePublished\":\"2016-11-19T14:31:16+00:00\",\"dateModified\":\"2025-04-22T11:29:44+00:00\",\"description\":\"Bodas civiles M\u00e1laga, Ceremonias civiles Marbella, oficiante bodas, maestro de ceremonias civiles, wedding minister, officiant celebrant mariages civiles. Blessing ceremonies Sevilla, Granada, Almer\u00eda, Cordoba, C\u00e1diz, Ja\u00e9n. Franc\u00e9s, ingl\u00e9s, sueco, alem\u00e1n, espa\u00f1ol, italiano...\",\"breadcrumb\":{\"@id\":\"https:\\\/\\\/www.oficiantebodasciviles.es\\\/en\\\/#breadcrumb\"},\"inLanguage\":\"en-US\",\"potentialAction\":[{\"@type\":\"ReadAction\",\"target\":[\"https:\\\/\\\/www.oficiantebodasciviles.es\\\/en\\\/\"]}]},{\"@type\":\"ImageObject\",\"inLanguage\":\"en-US\",\"@id\":\"https:\\\/\\\/www.oficiantebodasciviles.es\\\/en\\\/#primaryimage\",\"url\":\"https:\\\/\\\/www.oficiantebodasciviles.es\\\/wp-content\\\/uploads\\\/2016\\\/08\\\/Portada-Oficiante-ceremonias-civiles_Sotogrande.jpg\",\"contentUrl\":\"https:\\\/\\\/www.oficiantebodasciviles.es\\\/wp-content\\\/uploads\\\/2016\\\/08\\\/Portada-Oficiante-ceremonias-civiles_Sotogrande.jpg\"},{\"@type\":\"BreadcrumbList\",\"@id\":\"https:\\\/\\\/www.oficiantebodasciviles.es\\\/en\\\/#breadcrumb\",\"itemListElement\":[{\"@type\":\"ListItem\",\"position\":1,\"name\":\"Portada\",\"item\":\"https:\\\/\\\/www.oficiantebodasciviles.es\\\/en\\\/\"},{\"@type\":\"ListItem\",\"position\":2,\"name\":\"Very personal ceremonies\"}]},{\"@type\":\"WebSite\",\"@id\":\"https:\\\/\\\/www.oficiantebodasciviles.es\\\/en\\\/#website\",\"url\":\"https:\\\/\\\/www.oficiantebodasciviles.es\\\/en\\\/\",\"name\":\"Oficiantes\",\"description\":\"Bodas civiles en Andaluc\u00eda.\",\"publisher\":{\"@id\":\"https:\\\/\\\/www.oficiantebodasciviles.es\\\/en\\\/#organization\"},\"potentialAction\":[{\"@type\":\"SearchAction\",\"target\":{\"@type\":\"EntryPoint\",\"urlTemplate\":\"https:\\\/\\\/www.oficiantebodasciviles.es\\\/en\\\/?s={search_term_string}\"},\"query-input\":{\"@type\":\"PropertyValueSpecification\",\"valueRequired\":true,\"valueName\":\"search_term_string\"}}],\"inLanguage\":\"en-US\"},{\"@type\":\"Organization\",\"@id\":\"https:\\\/\\\/www.oficiantebodasciviles.es\\\/en\\\/#organization\",\"name\":\"Oficiantes Andaluc\u00eda\",\"url\":\"https:\\\/\\\/www.oficiantebodasciviles.es\\\/en\\\/\",\"logo\":{\"@type\":\"ImageObject\",\"inLanguage\":\"en-US\",\"@id\":\"https:\\\/\\\/www.oficiantebodasciviles.es\\\/en\\\/#\\\/schema\\\/logo\\\/image\\\/\",\"url\":\"https:\\\/\\\/www.oficiantebodasciviles.es\\\/wp-content\\\/uploads\\\/2016\\\/08\\\/Tarjeta-oficiante-bodas-300x300-1.png\",\"contentUrl\":\"https:\\\/\\\/www.oficiantebodasciviles.es\\\/wp-content\\\/uploads\\\/2016\\\/08\\\/Tarjeta-oficiante-bodas-300x300-1.png\",\"width\":142,\"height\":136,\"caption\":\"Oficiantes Andaluc\u00eda\"},\"image\":{\"@id\":\"https:\\\/\\\/www.oficiantebodasciviles.es\\\/en\\\/#\\\/schema\\\/logo\\\/image\\\/\"}}]}<\/script>\n<!-- \/ Yoast SEO plugin. -->","yoast_head_json":{"title":"Blessing ceremonies \u00b7 Wedding minister Malaga, Marbella","description":"Bodas civiles M\u00e1laga, Ceremonias civiles Marbella, oficiante bodas, maestro de ceremonias civiles, wedding minister, officiant celebrant mariages civiles. Blessing ceremonies Sevilla, Granada, Almer\u00eda, Cordoba, C\u00e1diz, Ja\u00e9n. Franc\u00e9s, ingl\u00e9s, sueco, alem\u00e1n, espa\u00f1ol, italiano...","robots":{"index":"index","follow":"follow","max-snippet":"max-snippet:-1","max-image-preview":"max-image-preview:large","max-video-preview":"max-video-preview:-1"},"canonical":"https:\/\/www.oficiantebodasciviles.es\/en\/","og_locale":"en_US","og_type":"article","og_title":"Blessing ceremonies \u00b7 Wedding minister Malaga, Marbella","og_description":"Bodas civiles M\u00e1laga, Ceremonias civiles Marbella, oficiante bodas, maestro de ceremonias civiles, wedding minister, officiant celebrant mariages civiles. Blessing ceremonies Sevilla, Granada, Almer\u00eda, Cordoba, C\u00e1diz, Ja\u00e9n. Franc\u00e9s, ingl\u00e9s, sueco, alem\u00e1n, espa\u00f1ol, italiano...","og_url":"https:\/\/www.oficiantebodasciviles.es\/en\/","og_site_name":"Wedding minister Malaga","article_modified_time":"2025-04-22T11:29:44+00:00","og_image":[{"width":864,"height":403,"url":"https:\/\/www.oficiantebodasciviles.es\/wp-content\/uploads\/2016\/08\/Portada-Oficiante-ceremonias-civiles_Sotogrande.jpg","type":"image\/jpeg"}],"twitter_card":"summary_large_image","twitter_misc":{"Est. reading time":"1 minute"},"schema":{"@context":"https:\/\/schema.org","@graph":[{"@type":"WebPage","@id":"https:\/\/www.oficiantebodasciviles.es\/en\/","url":"https:\/\/www.oficiantebodasciviles.es\/en\/","name":"Blessing ceremonies \u00b7 Wedding minister Malaga, Marbella","isPartOf":{"@id":"https:\/\/www.oficiantebodasciviles.es\/en\/#website"},"primaryImageOfPage":{"@id":"https:\/\/www.oficiantebodasciviles.es\/en\/#primaryimage"},"image":{"@id":"https:\/\/www.oficiantebodasciviles.es\/en\/#primaryimage"},"thumbnailUrl":"https:\/\/www.oficiantebodasciviles.es\/wp-content\/uploads\/2016\/08\/Portada-Oficiante-ceremonias-civiles_Sotogrande.jpg","datePublished":"2016-11-19T14:31:16+00:00","dateModified":"2025-04-22T11:29:44+00:00","description":"Bodas civiles M\u00e1laga, Ceremonias civiles Marbella, oficiante bodas, maestro de ceremonias civiles, wedding minister, officiant celebrant mariages civiles. Blessing ceremonies Sevilla, Granada, Almer\u00eda, Cordoba, C\u00e1diz, Ja\u00e9n. Franc\u00e9s, ingl\u00e9s, sueco, alem\u00e1n, espa\u00f1ol, italiano...","breadcrumb":{"@id":"https:\/\/www.oficiantebodasciviles.es\/en\/#breadcrumb"},"inLanguage":"en-US","potentialAction":[{"@type":"ReadAction","target":["https:\/\/www.oficiantebodasciviles.es\/en\/"]}]},{"@type":"ImageObject","inLanguage":"en-US","@id":"https:\/\/www.oficiantebodasciviles.es\/en\/#primaryimage","url":"https:\/\/www.oficiantebodasciviles.es\/wp-content\/uploads\/2016\/08\/Portada-Oficiante-ceremonias-civiles_Sotogrande.jpg","contentUrl":"https:\/\/www.oficiantebodasciviles.es\/wp-content\/uploads\/2016\/08\/Portada-Oficiante-ceremonias-civiles_Sotogrande.jpg"},{"@type":"BreadcrumbList","@id":"https:\/\/www.oficiantebodasciviles.es\/en\/#breadcrumb","itemListElement":[{"@type":"ListItem","position":1,"name":"Portada","item":"https:\/\/www.oficiantebodasciviles.es\/en\/"},{"@type":"ListItem","position":2,"name":"Very personal ceremonies"}]},{"@type":"WebSite","@id":"https:\/\/www.oficiantebodasciviles.es\/en\/#website","url":"https:\/\/www.oficiantebodasciviles.es\/en\/","name":"Oficiantes","description":"Bodas civiles en Andaluc\u00eda.","publisher":{"@id":"https:\/\/www.oficiantebodasciviles.es\/en\/#organization"},"potentialAction":[{"@type":"SearchAction","target":{"@type":"EntryPoint","urlTemplate":"https:\/\/www.oficiantebodasciviles.es\/en\/?s={search_term_string}"},"query-input":{"@type":"PropertyValueSpecification","valueRequired":true,"valueName":"search_term_string"}}],"inLanguage":"en-US"},{"@type":"Organization","@id":"https:\/\/www.oficiantebodasciviles.es\/en\/#organization","name":"Oficiantes Andaluc\u00eda","url":"https:\/\/www.oficiantebodasciviles.es\/en\/","logo":{"@type":"ImageObject","inLanguage":"en-US","@id":"https:\/\/www.oficiantebodasciviles.es\/en\/#\/schema\/logo\/image\/","url":"https:\/\/www.oficiantebodasciviles.es\/wp-content\/uploads\/2016\/08\/Tarjeta-oficiante-bodas-300x300-1.png","contentUrl":"https:\/\/www.oficiantebodasciviles.es\/wp-content\/uploads\/2016\/08\/Tarjeta-oficiante-bodas-300x300-1.png","width":142,"height":136,"caption":"Oficiantes Andaluc\u00eda"},"image":{"@id":"https:\/\/www.oficiantebodasciviles.es\/en\/#\/schema\/logo\/image\/"}}]}},"_links":{"self":[{"href":"https:\/\/www.oficiantebodasciviles.es\/en\/wp-json\/wp\/v2\/pages\/402","targetHints":{"allow":["GET"]}}],"collection":[{"href":"https:\/\/www.oficiantebodasciviles.es\/en\/wp-json\/wp\/v2\/pages"}],"about":[{"href":"https:\/\/www.oficiantebodasciviles.es\/en\/wp-json\/wp\/v2\/types\/page"}],"author":[{"embeddable":true,"href":"https:\/\/www.oficiantebodasciviles.es\/en\/wp-json\/wp\/v2\/users\/1"}],"replies":[{"embeddable":true,"href":"https:\/\/www.oficiantebodasciviles.es\/en\/wp-json\/wp\/v2\/comments?post=402"}],"version-history":[{"count":11,"href":"https:\/\/www.oficiantebodasciviles.es\/en\/wp-json\/wp\/v2\/pages\/402\/revisions"}],"predecessor-version":[{"id":7332,"href":"https:\/\/www.oficiantebodasciviles.es\/en\/wp-json\/wp\/v2\/pages\/402\/revisions\/7332"}],"wp:attachment":[{"href":"https:\/\/www.oficiantebodasciviles.es\/en\/wp-json\/wp\/v2\/media?parent=402"}],"curies":[{"name":"wp","href":"https:\/\/api.w.org\/{rel}","templated":true}]}}