{"id":3584,"date":"2019-07-29T15:27:33","date_gmt":"2019-07-29T14:27:33","guid":{"rendered":"http:\/\/www.oficiantebodasciviles.es\/blog\/"},"modified":"2019-07-29T15:27:34","modified_gmt":"2019-07-29T14:27:34","slug":"blog","status":"publish","type":"page","link":"https:\/\/www.oficiantebodasciviles.es\/de\/blog\/","title":{"rendered":"blog"},"content":{"rendered":"","protected":false},"excerpt":{"rendered":"","protected":false},"author":1,"featured_media":0,"parent":0,"menu_order":0,"comment_status":"closed","ping_status":"closed","template":"","meta":{"footnotes":""},"class_list":["post-3584","page","type-page","status-publish","hentry"],"yoast_head":"<!-- This site is optimized with the Yoast SEO plugin v27.5 - https:\/\/yoast.com\/product\/yoast-seo-wordpress\/ -->\n<title>blog - Standesamtliche Trauung auf Deutsch<\/title>\n<meta name=\"description\" content=\"Durchf\u00fchrung von Standesnzeremonien in Marbella, Malaga, Sotogrande, V\u00e9lez, Antequera, Ronda, Tarifa, Sevilla, Granada, Cordoba, Ja\u00e9n, Huelva. Englisch, Franz\u00f6sisch...\" \/>\n<meta name=\"robots\" content=\"index, follow, max-snippet:-1, max-image-preview:large, max-video-preview:-1\" \/>\n<link rel=\"canonical\" href=\"https:\/\/www.oficiantebodasciviles.es\/de\/blog\/\" \/>\n<meta property=\"og:locale\" content=\"de_DE\" \/>\n<meta property=\"og:type\" content=\"article\" \/>\n<meta property=\"og:title\" content=\"blog - Standesamtliche Trauung auf Deutsch\" \/>\n<meta property=\"og:description\" content=\"Durchf\u00fchrung von Standesnzeremonien in Marbella, Malaga, Sotogrande, V\u00e9lez, Antequera, Ronda, Tarifa, Sevilla, Granada, Cordoba, Ja\u00e9n, Huelva. Englisch, Franz\u00f6sisch...\" \/>\n<meta property=\"og:url\" content=\"https:\/\/www.oficiantebodasciviles.es\/de\/blog\/\" \/>\n<meta property=\"og:site_name\" content=\"Standesamtliche Trauung auf Deutsch\" \/>\n<meta property=\"article:modified_time\" content=\"2019-07-29T14:27:34+00:00\" \/>\n<meta name=\"twitter:card\" content=\"summary_large_image\" \/>\n<script type=\"application\/ld+json\" class=\"yoast-schema-graph\">{\"@context\":\"https:\\\/\\\/schema.org\",\"@graph\":[{\"@type\":\"WebPage\",\"@id\":\"https:\\\/\\\/www.oficiantebodasciviles.es\\\/de\\\/blog\\\/\",\"url\":\"https:\\\/\\\/www.oficiantebodasciviles.es\\\/de\\\/blog\\\/\",\"name\":\"blog - Standesamtliche Trauung auf Deutsch\",\"isPartOf\":{\"@id\":\"https:\\\/\\\/www.oficiantebodasciviles.es\\\/de\\\/#website\"},\"datePublished\":\"2019-07-29T14:27:33+00:00\",\"dateModified\":\"2019-07-29T14:27:34+00:00\",\"description\":\"Durchf\u00fchrung von Standesnzeremonien in Marbella, Malaga, Sotogrande, V\u00e9lez, Antequera, Ronda, Tarifa, Sevilla, Granada, Cordoba, Ja\u00e9n, Huelva. Englisch, Franz\u00f6sisch...\",\"breadcrumb\":{\"@id\":\"https:\\\/\\\/www.oficiantebodasciviles.es\\\/de\\\/blog\\\/#breadcrumb\"},\"inLanguage\":\"de\",\"potentialAction\":[{\"@type\":\"ReadAction\",\"target\":[\"https:\\\/\\\/www.oficiantebodasciviles.es\\\/de\\\/blog\\\/\"]}]},{\"@type\":\"BreadcrumbList\",\"@id\":\"https:\\\/\\\/www.oficiantebodasciviles.es\\\/de\\\/blog\\\/#breadcrumb\",\"itemListElement\":[{\"@type\":\"ListItem\",\"position\":1,\"name\":\"Portada\",\"item\":\"https:\\\/\\\/www.oficiantebodasciviles.es\\\/de\\\/\"},{\"@type\":\"ListItem\",\"position\":2,\"name\":\"blog\"}]},{\"@type\":\"WebSite\",\"@id\":\"https:\\\/\\\/www.oficiantebodasciviles.es\\\/de\\\/#website\",\"url\":\"https:\\\/\\\/www.oficiantebodasciviles.es\\\/de\\\/\",\"name\":\"Oficiantes\",\"description\":\"Bodas civiles en Andaluc\u00eda.\",\"publisher\":{\"@id\":\"https:\\\/\\\/www.oficiantebodasciviles.es\\\/de\\\/#organization\"},\"potentialAction\":[{\"@type\":\"SearchAction\",\"target\":{\"@type\":\"EntryPoint\",\"urlTemplate\":\"https:\\\/\\\/www.oficiantebodasciviles.es\\\/de\\\/?s={search_term_string}\"},\"query-input\":{\"@type\":\"PropertyValueSpecification\",\"valueRequired\":true,\"valueName\":\"search_term_string\"}}],\"inLanguage\":\"de\"},{\"@type\":\"Organization\",\"@id\":\"https:\\\/\\\/www.oficiantebodasciviles.es\\\/de\\\/#organization\",\"name\":\"Oficiantes Andaluc\u00eda\",\"url\":\"https:\\\/\\\/www.oficiantebodasciviles.es\\\/de\\\/\",\"logo\":{\"@type\":\"ImageObject\",\"inLanguage\":\"de\",\"@id\":\"https:\\\/\\\/www.oficiantebodasciviles.es\\\/de\\\/#\\\/schema\\\/logo\\\/image\\\/\",\"url\":\"https:\\\/\\\/www.oficiantebodasciviles.es\\\/wp-content\\\/uploads\\\/2016\\\/08\\\/Tarjeta-oficiante-bodas-300x300-1.png\",\"contentUrl\":\"https:\\\/\\\/www.oficiantebodasciviles.es\\\/wp-content\\\/uploads\\\/2016\\\/08\\\/Tarjeta-oficiante-bodas-300x300-1.png\",\"width\":142,\"height\":136,\"caption\":\"Oficiantes Andaluc\u00eda\"},\"image\":{\"@id\":\"https:\\\/\\\/www.oficiantebodasciviles.es\\\/de\\\/#\\\/schema\\\/logo\\\/image\\\/\"}}]}<\/script>\n<!-- \/ Yoast SEO plugin. -->","yoast_head_json":{"title":"blog - Standesamtliche Trauung auf Deutsch","description":"Durchf\u00fchrung von Standesnzeremonien in Marbella, Malaga, Sotogrande, V\u00e9lez, Antequera, Ronda, Tarifa, Sevilla, Granada, Cordoba, Ja\u00e9n, Huelva. Englisch, Franz\u00f6sisch...","robots":{"index":"index","follow":"follow","max-snippet":"max-snippet:-1","max-image-preview":"max-image-preview:large","max-video-preview":"max-video-preview:-1"},"canonical":"https:\/\/www.oficiantebodasciviles.es\/de\/blog\/","og_locale":"de_DE","og_type":"article","og_title":"blog - Standesamtliche Trauung auf Deutsch","og_description":"Durchf\u00fchrung von Standesnzeremonien in Marbella, Malaga, Sotogrande, V\u00e9lez, Antequera, Ronda, Tarifa, Sevilla, Granada, Cordoba, Ja\u00e9n, Huelva. Englisch, Franz\u00f6sisch...","og_url":"https:\/\/www.oficiantebodasciviles.es\/de\/blog\/","og_site_name":"Standesamtliche Trauung auf Deutsch","article_modified_time":"2019-07-29T14:27:34+00:00","twitter_card":"summary_large_image","schema":{"@context":"https:\/\/schema.org","@graph":[{"@type":"WebPage","@id":"https:\/\/www.oficiantebodasciviles.es\/de\/blog\/","url":"https:\/\/www.oficiantebodasciviles.es\/de\/blog\/","name":"blog - Standesamtliche Trauung auf Deutsch","isPartOf":{"@id":"https:\/\/www.oficiantebodasciviles.es\/de\/#website"},"datePublished":"2019-07-29T14:27:33+00:00","dateModified":"2019-07-29T14:27:34+00:00","description":"Durchf\u00fchrung von Standesnzeremonien in Marbella, Malaga, Sotogrande, V\u00e9lez, Antequera, Ronda, Tarifa, Sevilla, Granada, Cordoba, Ja\u00e9n, Huelva. Englisch, Franz\u00f6sisch...","breadcrumb":{"@id":"https:\/\/www.oficiantebodasciviles.es\/de\/blog\/#breadcrumb"},"inLanguage":"de","potentialAction":[{"@type":"ReadAction","target":["https:\/\/www.oficiantebodasciviles.es\/de\/blog\/"]}]},{"@type":"BreadcrumbList","@id":"https:\/\/www.oficiantebodasciviles.es\/de\/blog\/#breadcrumb","itemListElement":[{"@type":"ListItem","position":1,"name":"Portada","item":"https:\/\/www.oficiantebodasciviles.es\/de\/"},{"@type":"ListItem","position":2,"name":"blog"}]},{"@type":"WebSite","@id":"https:\/\/www.oficiantebodasciviles.es\/de\/#website","url":"https:\/\/www.oficiantebodasciviles.es\/de\/","name":"Oficiantes","description":"Bodas civiles en Andaluc\u00eda.","publisher":{"@id":"https:\/\/www.oficiantebodasciviles.es\/de\/#organization"},"potentialAction":[{"@type":"SearchAction","target":{"@type":"EntryPoint","urlTemplate":"https:\/\/www.oficiantebodasciviles.es\/de\/?s={search_term_string}"},"query-input":{"@type":"PropertyValueSpecification","valueRequired":true,"valueName":"search_term_string"}}],"inLanguage":"de"},{"@type":"Organization","@id":"https:\/\/www.oficiantebodasciviles.es\/de\/#organization","name":"Oficiantes Andaluc\u00eda","url":"https:\/\/www.oficiantebodasciviles.es\/de\/","logo":{"@type":"ImageObject","inLanguage":"de","@id":"https:\/\/www.oficiantebodasciviles.es\/de\/#\/schema\/logo\/image\/","url":"https:\/\/www.oficiantebodasciviles.es\/wp-content\/uploads\/2016\/08\/Tarjeta-oficiante-bodas-300x300-1.png","contentUrl":"https:\/\/www.oficiantebodasciviles.es\/wp-content\/uploads\/2016\/08\/Tarjeta-oficiante-bodas-300x300-1.png","width":142,"height":136,"caption":"Oficiantes Andaluc\u00eda"},"image":{"@id":"https:\/\/www.oficiantebodasciviles.es\/de\/#\/schema\/logo\/image\/"}}]}},"_links":{"self":[{"href":"https:\/\/www.oficiantebodasciviles.es\/de\/wp-json\/wp\/v2\/pages\/3584","targetHints":{"allow":["GET"]}}],"collection":[{"href":"https:\/\/www.oficiantebodasciviles.es\/de\/wp-json\/wp\/v2\/pages"}],"about":[{"href":"https:\/\/www.oficiantebodasciviles.es\/de\/wp-json\/wp\/v2\/types\/page"}],"author":[{"embeddable":true,"href":"https:\/\/www.oficiantebodasciviles.es\/de\/wp-json\/wp\/v2\/users\/1"}],"replies":[{"embeddable":true,"href":"https:\/\/www.oficiantebodasciviles.es\/de\/wp-json\/wp\/v2\/comments?post=3584"}],"version-history":[{"count":1,"href":"https:\/\/www.oficiantebodasciviles.es\/de\/wp-json\/wp\/v2\/pages\/3584\/revisions"}],"predecessor-version":[{"id":3586,"href":"https:\/\/www.oficiantebodasciviles.es\/de\/wp-json\/wp\/v2\/pages\/3584\/revisions\/3586"}],"wp:attachment":[{"href":"https:\/\/www.oficiantebodasciviles.es\/de\/wp-json\/wp\/v2\/media?parent=3584"}],"curies":[{"name":"wp","href":"https:\/\/api.w.org\/{rel}","templated":true}]}}