{"id":3569,"date":"2019-07-29T15:19:27","date_gmt":"2019-07-29T14:19:27","guid":{"rendered":"http:\/\/www.oficiantebodasciviles.es\/kontakt\/"},"modified":"2019-07-29T15:20:00","modified_gmt":"2019-07-29T14:20:00","slug":"kontakt","status":"publish","type":"page","link":"https:\/\/www.oficiantebodasciviles.es\/de\/kontakt\/","title":{"rendered":"Kontakt"},"content":{"rendered":"<form action=\"https:\/\/www.paypal.com\/cgi-bin\/webscr\" method=\"post\" target=\"_top\"><\/form>\n<form action=\"https:\/\/www.paypal.com\/cgi-bin\/webscr\" method=\"post\" target=\"_top\">Wir k\u00f6nnen Ihre standesamtliche Zeremonie in Spanisch oder Franz\u00f6sisch, Englisch, Italienisch, Portugiesisch, Schwedisch, Deutsch und Niederl\u00e4ndisch machen. Auch in 2 Sprachen gleichzeitig.<\/p>\n<p><em><strong>Interview per skype anfordern !<\/strong><\/em><\/p>\n<p><img loading=\"lazy\" decoding=\"async\" class=\"alignleft wp-image-128 size-full\" src=\"http:\/\/www.oficiantebodasciviles.es\/wp-content\/uploads\/2016\/08\/Wedding-minister-english-spanish-french-portugues-italian-german-swedish.jpg\" alt=\"Hochzeit Minister englisch spanisch franz\u00f6sisch portugiesisch italienisch deutsch schwedisch\" width=\"920\" height=\"77\"><\/p>\n<p>&nbsp;<\/p>\n<p>&nbsp;<\/p>\n<p><em>Um die Verf\u00fcgbarkeit anzuzeigen, senden Sie uns bitte eine E-Mail oder welche App mit den folgenden Informationen:<\/em><br \/>\nDatum der Zeremonie:<\/p>\n<p>Zeremonienzeit:<\/p>\n<p>Ort der Feier der Zeremonie: Hotel, Bauernhof, Restaurant&#8230;<\/p>\n<p>gemeinde:<\/p>\n<p>Ungef\u00e4hre Anzahl der G\u00e4ste:<\/p>\n<p>Sprache(n):<\/p>\n<p><strong>per E-Mail:<\/strong> <em>antonio@oficiantemalaga.es<\/em><\/p>\n<p><strong>Von whatsapp:<\/strong> (+34) 699 903 691<\/p>\n<\/form>\n","protected":false},"excerpt":{"rendered":"<p>Wir k\u00f6nnen Ihre standesamtliche Zeremonie in Spanisch oder Franz\u00f6sisch, Englisch, Italienisch, Portugiesisch, Schwedisch, Deutsch und Niederl\u00e4ndisch machen. Auch in 2 Sprachen gleichzeitig. Interview per skype anfordern ! &nbsp; &nbsp; Um die Verf\u00fcgbarkeit anzuzeigen, senden Sie uns bitte eine E-Mail oder welche App mit den folgenden Informationen: Datum der Zeremonie: Zeremonienzeit:[&#8230;]<\/p>\n","protected":false},"author":1,"featured_media":0,"parent":0,"menu_order":0,"comment_status":"closed","ping_status":"closed","template":"","meta":{"footnotes":""},"class_list":["post-3569","page","type-page","status-publish","hentry"],"yoast_head":"<!-- This site is optimized with the Yoast SEO plugin v27.5 - https:\/\/yoast.com\/product\/yoast-seo-wordpress\/ -->\n<title>Kontakt - Standesamtliche Trauung auf Deutsch<\/title>\n<meta name=\"description\" content=\"Seine standesamtliche Zeremonie in Spanisch, Franz\u00f6sisch, Englisch, Italienisch, Portugiesisch, Schwedisch, Deutsch und Niederl\u00e4ndisch. Auch in 2 Sprachen gleichzeitig. Wir arbeiten in ganz Andalusien.\" \/>\n<meta name=\"robots\" content=\"index, follow, max-snippet:-1, max-image-preview:large, max-video-preview:-1\" \/>\n<link rel=\"canonical\" href=\"https:\/\/www.oficiantebodasciviles.es\/de\/kontakt\/\" \/>\n<meta property=\"og:locale\" content=\"de_DE\" \/>\n<meta property=\"og:type\" content=\"article\" \/>\n<meta property=\"og:title\" content=\"Kontakt - Standesamtliche Trauung auf Deutsch\" \/>\n<meta property=\"og:description\" content=\"Seine standesamtliche Zeremonie in Spanisch, Franz\u00f6sisch, Englisch, Italienisch, Portugiesisch, Schwedisch, Deutsch und Niederl\u00e4ndisch. Auch in 2 Sprachen gleichzeitig. Wir arbeiten in ganz Andalusien.\" \/>\n<meta property=\"og:url\" content=\"https:\/\/www.oficiantebodasciviles.es\/de\/kontakt\/\" \/>\n<meta property=\"og:site_name\" content=\"Standesamtliche Trauung auf Deutsch\" \/>\n<meta property=\"article:modified_time\" content=\"2019-07-29T14:20:00+00:00\" \/>\n<meta property=\"og:image\" content=\"http:\/\/www.oficiantebodasciviles.es\/wp-content\/uploads\/2016\/08\/Wedding-minister-english-spanish-french-portugues-italian-german-swedish.jpg\" \/>\n<meta name=\"twitter:card\" content=\"summary_large_image\" \/>\n<script type=\"application\/ld+json\" class=\"yoast-schema-graph\">{\"@context\":\"https:\\\/\\\/schema.org\",\"@graph\":[{\"@type\":\"WebPage\",\"@id\":\"https:\\\/\\\/www.oficiantebodasciviles.es\\\/de\\\/kontakt\\\/\",\"url\":\"https:\\\/\\\/www.oficiantebodasciviles.es\\\/de\\\/kontakt\\\/\",\"name\":\"Kontakt - Standesamtliche Trauung auf Deutsch\",\"isPartOf\":{\"@id\":\"https:\\\/\\\/www.oficiantebodasciviles.es\\\/de\\\/#website\"},\"primaryImageOfPage\":{\"@id\":\"https:\\\/\\\/www.oficiantebodasciviles.es\\\/de\\\/kontakt\\\/#primaryimage\"},\"image\":{\"@id\":\"https:\\\/\\\/www.oficiantebodasciviles.es\\\/de\\\/kontakt\\\/#primaryimage\"},\"thumbnailUrl\":\"http:\\\/\\\/www.oficiantebodasciviles.es\\\/wp-content\\\/uploads\\\/2016\\\/08\\\/Wedding-minister-english-spanish-french-portugues-italian-german-swedish.jpg\",\"datePublished\":\"2019-07-29T14:19:27+00:00\",\"dateModified\":\"2019-07-29T14:20:00+00:00\",\"description\":\"Seine standesamtliche Zeremonie in Spanisch, Franz\u00f6sisch, Englisch, Italienisch, Portugiesisch, Schwedisch, Deutsch und Niederl\u00e4ndisch. Auch in 2 Sprachen gleichzeitig. Wir arbeiten in ganz Andalusien.\",\"breadcrumb\":{\"@id\":\"https:\\\/\\\/www.oficiantebodasciviles.es\\\/de\\\/kontakt\\\/#breadcrumb\"},\"inLanguage\":\"de\",\"potentialAction\":[{\"@type\":\"ReadAction\",\"target\":[\"https:\\\/\\\/www.oficiantebodasciviles.es\\\/de\\\/kontakt\\\/\"]}]},{\"@type\":\"ImageObject\",\"inLanguage\":\"de\",\"@id\":\"https:\\\/\\\/www.oficiantebodasciviles.es\\\/de\\\/kontakt\\\/#primaryimage\",\"url\":\"http:\\\/\\\/www.oficiantebodasciviles.es\\\/wp-content\\\/uploads\\\/2016\\\/08\\\/Wedding-minister-english-spanish-french-portugues-italian-german-swedish.jpg\",\"contentUrl\":\"http:\\\/\\\/www.oficiantebodasciviles.es\\\/wp-content\\\/uploads\\\/2016\\\/08\\\/Wedding-minister-english-spanish-french-portugues-italian-german-swedish.jpg\"},{\"@type\":\"BreadcrumbList\",\"@id\":\"https:\\\/\\\/www.oficiantebodasciviles.es\\\/de\\\/kontakt\\\/#breadcrumb\",\"itemListElement\":[{\"@type\":\"ListItem\",\"position\":1,\"name\":\"Portada\",\"item\":\"https:\\\/\\\/www.oficiantebodasciviles.es\\\/de\\\/\"},{\"@type\":\"ListItem\",\"position\":2,\"name\":\"Kontakt\"}]},{\"@type\":\"WebSite\",\"@id\":\"https:\\\/\\\/www.oficiantebodasciviles.es\\\/de\\\/#website\",\"url\":\"https:\\\/\\\/www.oficiantebodasciviles.es\\\/de\\\/\",\"name\":\"Oficiantes\",\"description\":\"Bodas civiles en Andaluc\u00eda.\",\"publisher\":{\"@id\":\"https:\\\/\\\/www.oficiantebodasciviles.es\\\/de\\\/#organization\"},\"potentialAction\":[{\"@type\":\"SearchAction\",\"target\":{\"@type\":\"EntryPoint\",\"urlTemplate\":\"https:\\\/\\\/www.oficiantebodasciviles.es\\\/de\\\/?s={search_term_string}\"},\"query-input\":{\"@type\":\"PropertyValueSpecification\",\"valueRequired\":true,\"valueName\":\"search_term_string\"}}],\"inLanguage\":\"de\"},{\"@type\":\"Organization\",\"@id\":\"https:\\\/\\\/www.oficiantebodasciviles.es\\\/de\\\/#organization\",\"name\":\"Oficiantes Andaluc\u00eda\",\"url\":\"https:\\\/\\\/www.oficiantebodasciviles.es\\\/de\\\/\",\"logo\":{\"@type\":\"ImageObject\",\"inLanguage\":\"de\",\"@id\":\"https:\\\/\\\/www.oficiantebodasciviles.es\\\/de\\\/#\\\/schema\\\/logo\\\/image\\\/\",\"url\":\"https:\\\/\\\/www.oficiantebodasciviles.es\\\/wp-content\\\/uploads\\\/2016\\\/08\\\/Tarjeta-oficiante-bodas-300x300-1.png\",\"contentUrl\":\"https:\\\/\\\/www.oficiantebodasciviles.es\\\/wp-content\\\/uploads\\\/2016\\\/08\\\/Tarjeta-oficiante-bodas-300x300-1.png\",\"width\":142,\"height\":136,\"caption\":\"Oficiantes Andaluc\u00eda\"},\"image\":{\"@id\":\"https:\\\/\\\/www.oficiantebodasciviles.es\\\/de\\\/#\\\/schema\\\/logo\\\/image\\\/\"}}]}<\/script>\n<!-- \/ Yoast SEO plugin. -->","yoast_head_json":{"title":"Kontakt - Standesamtliche Trauung auf Deutsch","description":"Seine standesamtliche Zeremonie in Spanisch, Franz\u00f6sisch, Englisch, Italienisch, Portugiesisch, Schwedisch, Deutsch und Niederl\u00e4ndisch. Auch in 2 Sprachen gleichzeitig. Wir arbeiten in ganz Andalusien.","robots":{"index":"index","follow":"follow","max-snippet":"max-snippet:-1","max-image-preview":"max-image-preview:large","max-video-preview":"max-video-preview:-1"},"canonical":"https:\/\/www.oficiantebodasciviles.es\/de\/kontakt\/","og_locale":"de_DE","og_type":"article","og_title":"Kontakt - Standesamtliche Trauung auf Deutsch","og_description":"Seine standesamtliche Zeremonie in Spanisch, Franz\u00f6sisch, Englisch, Italienisch, Portugiesisch, Schwedisch, Deutsch und Niederl\u00e4ndisch. Auch in 2 Sprachen gleichzeitig. Wir arbeiten in ganz Andalusien.","og_url":"https:\/\/www.oficiantebodasciviles.es\/de\/kontakt\/","og_site_name":"Standesamtliche Trauung auf Deutsch","article_modified_time":"2019-07-29T14:20:00+00:00","og_image":[{"url":"http:\/\/www.oficiantebodasciviles.es\/wp-content\/uploads\/2016\/08\/Wedding-minister-english-spanish-french-portugues-italian-german-swedish.jpg","type":"","width":"","height":""}],"twitter_card":"summary_large_image","schema":{"@context":"https:\/\/schema.org","@graph":[{"@type":"WebPage","@id":"https:\/\/www.oficiantebodasciviles.es\/de\/kontakt\/","url":"https:\/\/www.oficiantebodasciviles.es\/de\/kontakt\/","name":"Kontakt - Standesamtliche Trauung auf Deutsch","isPartOf":{"@id":"https:\/\/www.oficiantebodasciviles.es\/de\/#website"},"primaryImageOfPage":{"@id":"https:\/\/www.oficiantebodasciviles.es\/de\/kontakt\/#primaryimage"},"image":{"@id":"https:\/\/www.oficiantebodasciviles.es\/de\/kontakt\/#primaryimage"},"thumbnailUrl":"http:\/\/www.oficiantebodasciviles.es\/wp-content\/uploads\/2016\/08\/Wedding-minister-english-spanish-french-portugues-italian-german-swedish.jpg","datePublished":"2019-07-29T14:19:27+00:00","dateModified":"2019-07-29T14:20:00+00:00","description":"Seine standesamtliche Zeremonie in Spanisch, Franz\u00f6sisch, Englisch, Italienisch, Portugiesisch, Schwedisch, Deutsch und Niederl\u00e4ndisch. Auch in 2 Sprachen gleichzeitig. Wir arbeiten in ganz Andalusien.","breadcrumb":{"@id":"https:\/\/www.oficiantebodasciviles.es\/de\/kontakt\/#breadcrumb"},"inLanguage":"de","potentialAction":[{"@type":"ReadAction","target":["https:\/\/www.oficiantebodasciviles.es\/de\/kontakt\/"]}]},{"@type":"ImageObject","inLanguage":"de","@id":"https:\/\/www.oficiantebodasciviles.es\/de\/kontakt\/#primaryimage","url":"http:\/\/www.oficiantebodasciviles.es\/wp-content\/uploads\/2016\/08\/Wedding-minister-english-spanish-french-portugues-italian-german-swedish.jpg","contentUrl":"http:\/\/www.oficiantebodasciviles.es\/wp-content\/uploads\/2016\/08\/Wedding-minister-english-spanish-french-portugues-italian-german-swedish.jpg"},{"@type":"BreadcrumbList","@id":"https:\/\/www.oficiantebodasciviles.es\/de\/kontakt\/#breadcrumb","itemListElement":[{"@type":"ListItem","position":1,"name":"Portada","item":"https:\/\/www.oficiantebodasciviles.es\/de\/"},{"@type":"ListItem","position":2,"name":"Kontakt"}]},{"@type":"WebSite","@id":"https:\/\/www.oficiantebodasciviles.es\/de\/#website","url":"https:\/\/www.oficiantebodasciviles.es\/de\/","name":"Oficiantes","description":"Bodas civiles en Andaluc\u00eda.","publisher":{"@id":"https:\/\/www.oficiantebodasciviles.es\/de\/#organization"},"potentialAction":[{"@type":"SearchAction","target":{"@type":"EntryPoint","urlTemplate":"https:\/\/www.oficiantebodasciviles.es\/de\/?s={search_term_string}"},"query-input":{"@type":"PropertyValueSpecification","valueRequired":true,"valueName":"search_term_string"}}],"inLanguage":"de"},{"@type":"Organization","@id":"https:\/\/www.oficiantebodasciviles.es\/de\/#organization","name":"Oficiantes Andaluc\u00eda","url":"https:\/\/www.oficiantebodasciviles.es\/de\/","logo":{"@type":"ImageObject","inLanguage":"de","@id":"https:\/\/www.oficiantebodasciviles.es\/de\/#\/schema\/logo\/image\/","url":"https:\/\/www.oficiantebodasciviles.es\/wp-content\/uploads\/2016\/08\/Tarjeta-oficiante-bodas-300x300-1.png","contentUrl":"https:\/\/www.oficiantebodasciviles.es\/wp-content\/uploads\/2016\/08\/Tarjeta-oficiante-bodas-300x300-1.png","width":142,"height":136,"caption":"Oficiantes Andaluc\u00eda"},"image":{"@id":"https:\/\/www.oficiantebodasciviles.es\/de\/#\/schema\/logo\/image\/"}}]}},"_links":{"self":[{"href":"https:\/\/www.oficiantebodasciviles.es\/de\/wp-json\/wp\/v2\/pages\/3569","targetHints":{"allow":["GET"]}}],"collection":[{"href":"https:\/\/www.oficiantebodasciviles.es\/de\/wp-json\/wp\/v2\/pages"}],"about":[{"href":"https:\/\/www.oficiantebodasciviles.es\/de\/wp-json\/wp\/v2\/types\/page"}],"author":[{"embeddable":true,"href":"https:\/\/www.oficiantebodasciviles.es\/de\/wp-json\/wp\/v2\/users\/1"}],"replies":[{"embeddable":true,"href":"https:\/\/www.oficiantebodasciviles.es\/de\/wp-json\/wp\/v2\/comments?post=3569"}],"version-history":[{"count":1,"href":"https:\/\/www.oficiantebodasciviles.es\/de\/wp-json\/wp\/v2\/pages\/3569\/revisions"}],"predecessor-version":[{"id":3571,"href":"https:\/\/www.oficiantebodasciviles.es\/de\/wp-json\/wp\/v2\/pages\/3569\/revisions\/3571"}],"wp:attachment":[{"href":"https:\/\/www.oficiantebodasciviles.es\/de\/wp-json\/wp\/v2\/media?parent=3569"}],"curies":[{"name":"wp","href":"https:\/\/api.w.org\/{rel}","templated":true}]}}