{"id":3557,"date":"2019-07-29T15:18:19","date_gmt":"2019-07-29T14:18:19","guid":{"rendered":"http:\/\/www.oficiantebodasciviles.es\/zivile-hochzeitszeremonien\/"},"modified":"2025-04-22T12:29:26","modified_gmt":"2025-04-22T11:29:26","slug":"zivile-hochzeitszeremonien","status":"publish","type":"page","link":"https:\/\/www.oficiantebodasciviles.es\/de\/","title":{"rendered":"Zivile Hochzeitszeremonien"},"content":{"rendered":"<p><img loading=\"lazy\" decoding=\"async\" class=\"alignnone wp-image-130 size-full\" src=\"https:\/\/www.oficiantebodasciviles.es\/wp-content\/uploads\/2016\/08\/Portada-Oficiante-ceremonias-civiles_Sotogrande.jpg\" alt=\"Zivile Hochzeitsoffiziere Malaga\" width=\"864\" height=\"403\" srcset=\"https:\/\/www.oficiantebodasciviles.es\/wp-content\/uploads\/2016\/08\/Portada-Oficiante-ceremonias-civiles_Sotogrande.jpg 864w, https:\/\/www.oficiantebodasciviles.es\/wp-content\/uploads\/2016\/08\/Portada-Oficiante-ceremonias-civiles_Sotogrande-560x261.jpg 560w, https:\/\/www.oficiantebodasciviles.es\/wp-content\/uploads\/2016\/08\/Portada-Oficiante-ceremonias-civiles_Sotogrande-300x140.jpg 300w, https:\/\/www.oficiantebodasciviles.es\/wp-content\/uploads\/2016\/08\/Portada-Oficiante-ceremonias-civiles_Sotogrande-768x358.jpg 768w, https:\/\/www.oficiantebodasciviles.es\/wp-content\/uploads\/2016\/08\/Portada-Oficiante-ceremonias-civiles_Sotogrande-750x350.jpg 750w\" sizes=\"auto, (max-width: 864px) 100vw, 864px\" \/><\/p>\n<p>Mein Name ist Antonio Gazules und ich bin <strong>amtieren<\/strong> symbolische <strong>zivile<\/strong> <strong>Hochzeitszeremonien<\/strong> oder Zeremonienmeister, Zelebrant, Redner. In jedem Fall machen wir symbolische Zeremonien, die, wenn Sie es w\u00fcnschen, vor Ihren G\u00e4sten legal erscheinen. Wir machen Ihre standesamtliche Zeremonie zu etwas ganz Besonderem, der Dienst der amtlichen symbolischen standesamtlichen Hochzeiten ist personalisiert, mit Gastlesungen, Ehegel\u00fcbden und einem sch\u00f6nen einzigartigen Ende. Wir geben Ihnen einige Tipps, um die Zeremonie zu genie\u00dfen versuchen, die Nerven bleiben, dass der Tag zu Hause und wir werden erkl\u00e4ren, wie die zivile Zeremonie entwickeln kann, die verschiedenen Momente, die es gibt und auch wenn Sie Lust darauf haben, tun das Ritual des Sandes, das der Kerze , die mit der Rose, die mit dem Wein, die mit den B\u00e4umen, die mit den B\u00f6gen&#8230;.<\/p>\n<blockquote><p>F\u00fcr uns ist Ihre Zeremonie etwas ganz Besonderes und wir machen es zu einem einzigartigen Moment und dass Sie an Ihrem Hochzeitstag entspannt sind, um den Moment mit Ihrem Partner, Ihrer Familie und Freunden zu teilen.<\/p><\/blockquote>\n<p>Lassen Sie uns einen Termin haben:<\/p>\n<blockquote><p>Wir w\u00fcrden uns gerne mit Ihnen treffen, ein Interview f\u00fchren und erkl\u00e4ren, wie wir die Zeremonie machen k\u00f6nnen. Beantworten Sie alle Ihre Fragen und Fragen.<\/p><\/blockquote>\n<p>Ein unverbindliches Zitat, in dem wir Ihnen viele Dinge \u00fcber Ihre Zeremonie erz\u00e4hlen, Anekdoten und Details, die oft unbemerkt bleiben und die Zeremonie perfekt verlaufen wird. Rufen Sie uns an unter 699 903 691 oder <span style=\"color: #003366;\"> <strong>antonio@oficiantemalaga.es<\/strong><\/span><\/p>\n<p>&nbsp;<\/p>\n<p>Die symbolische zivile Zeremonie kann in Franz\u00f6sisch, Englisch, Italienisch, Portugiesisch, Deutsch, Schwedisch und Niederl\u00e4ndisch gegeben werden. Wenn Sie ihren G\u00e4sten gegen\u00fcber heiraten m\u00f6chten, sieht es aus, als w\u00fcrden Sie von einem Richter oder einem Ratsmitglied geheiratet.<\/p>\n<p><img loading=\"lazy\" decoding=\"async\" class=\"alignnone wp-image-128 size-full\" src=\"https:\/\/www.oficiantebodasciviles.es\/wp-content\/uploads\/2016\/08\/Wedding-minister-english-spanish-french-portugues-italian-german-swedish.jpg\" alt=\"amtliche narische hochzeiten Malaga Cadiz Granada Almeria Hochzeitsminister englisch spanisch Franz\u00f6sisch Portugiesisch Deutsch Schwedisch\" width=\"920\" height=\"77\" \/><\/p>\n","protected":false},"excerpt":{"rendered":"<p>Mein Name ist Antonio Gazules und ich bin amtieren symbolische zivile Hochzeitszeremonien oder Zeremonienmeister, Zelebrant, Redner. In jedem Fall machen wir symbolische Zeremonien, die, wenn Sie es w\u00fcnschen, vor Ihren G\u00e4sten legal erscheinen. Wir machen Ihre standesamtliche Zeremonie zu etwas ganz Besonderem, der Dienst der amtlichen symbolischen standesamtlichen Hochzeiten ist[&#8230;]<\/p>\n","protected":false},"author":1,"featured_media":0,"parent":0,"menu_order":0,"comment_status":"closed","ping_status":"open","template":"","meta":{"footnotes":""},"class_list":["post-3557","page","type-page","status-publish","hentry"],"yoast_head":"<!-- This site is optimized with the Yoast SEO plugin v27.5 - https:\/\/yoast.com\/product\/yoast-seo-wordpress\/ -->\n<title>Officiating Civil Ceremonies and Weddings Malaga, Master of Ceremonies<\/title>\n<meta name=\"description\" content=\"Zivile Hochzeit B\u00fcro Malaga. Meisterzeremonien in Marbella, Tarifa, Sevilla, Cordoba, Sotogrande, Almeria, Hochzeitsminister, amtliche ziviler R\u00e9monies, Offiziant zivile Trauungen.\" \/>\n<meta name=\"robots\" content=\"index, follow, max-snippet:-1, max-image-preview:large, max-video-preview:-1\" \/>\n<link rel=\"canonical\" href=\"https:\/\/www.oficiantebodasciviles.es\/de\/\" \/>\n<meta property=\"og:locale\" content=\"de_DE\" \/>\n<meta property=\"og:type\" content=\"article\" \/>\n<meta property=\"og:title\" content=\"Officiating Civil Ceremonies and Weddings Malaga, Master of Ceremonies\" \/>\n<meta property=\"og:description\" content=\"Zivile Hochzeit B\u00fcro Malaga. Meisterzeremonien in Marbella, Tarifa, Sevilla, Cordoba, Sotogrande, Almeria, Hochzeitsminister, amtliche ziviler R\u00e9monies, Offiziant zivile Trauungen.\" \/>\n<meta property=\"og:url\" content=\"https:\/\/www.oficiantebodasciviles.es\/de\/\" \/>\n<meta property=\"og:site_name\" content=\"Standesamtliche Trauung auf Deutsch\" \/>\n<meta property=\"article:modified_time\" content=\"2025-04-22T11:29:26+00:00\" \/>\n<meta property=\"og:image\" content=\"https:\/\/www.oficiantebodasciviles.es\/wp-content\/uploads\/2016\/08\/Portada-Oficiante-ceremonias-civiles_Sotogrande.jpg\" \/>\n\t<meta property=\"og:image:width\" content=\"864\" \/>\n\t<meta property=\"og:image:height\" content=\"403\" \/>\n\t<meta property=\"og:image:type\" content=\"image\/jpeg\" \/>\n<meta name=\"twitter:card\" content=\"summary_large_image\" \/>\n<meta name=\"twitter:label1\" content=\"Gesch\u00e4tzte Lesezeit\" \/>\n\t<meta name=\"twitter:data1\" content=\"2\u00a0Minuten\" \/>\n<script type=\"application\/ld+json\" class=\"yoast-schema-graph\">{\"@context\":\"https:\\\/\\\/schema.org\",\"@graph\":[{\"@type\":\"WebPage\",\"@id\":\"https:\\\/\\\/www.oficiantebodasciviles.es\\\/de\\\/\",\"url\":\"https:\\\/\\\/www.oficiantebodasciviles.es\\\/de\\\/\",\"name\":\"Officiating Civil Ceremonies and Weddings Malaga, Master of Ceremonies\",\"isPartOf\":{\"@id\":\"https:\\\/\\\/www.oficiantebodasciviles.es\\\/de\\\/#website\"},\"primaryImageOfPage\":{\"@id\":\"https:\\\/\\\/www.oficiantebodasciviles.es\\\/de\\\/#primaryimage\"},\"image\":{\"@id\":\"https:\\\/\\\/www.oficiantebodasciviles.es\\\/de\\\/#primaryimage\"},\"thumbnailUrl\":\"https:\\\/\\\/www.oficiantebodasciviles.es\\\/wp-content\\\/uploads\\\/2016\\\/08\\\/Portada-Oficiante-ceremonias-civiles_Sotogrande.jpg\",\"datePublished\":\"2019-07-29T14:18:19+00:00\",\"dateModified\":\"2025-04-22T11:29:26+00:00\",\"description\":\"Zivile Hochzeit B\u00fcro Malaga. Meisterzeremonien in Marbella, Tarifa, Sevilla, Cordoba, Sotogrande, Almeria, Hochzeitsminister, amtliche ziviler R\u00e9monies, Offiziant zivile Trauungen.\",\"breadcrumb\":{\"@id\":\"https:\\\/\\\/www.oficiantebodasciviles.es\\\/de\\\/#breadcrumb\"},\"inLanguage\":\"de\",\"potentialAction\":[{\"@type\":\"ReadAction\",\"target\":[\"https:\\\/\\\/www.oficiantebodasciviles.es\\\/de\\\/\"]}]},{\"@type\":\"ImageObject\",\"inLanguage\":\"de\",\"@id\":\"https:\\\/\\\/www.oficiantebodasciviles.es\\\/de\\\/#primaryimage\",\"url\":\"https:\\\/\\\/www.oficiantebodasciviles.es\\\/wp-content\\\/uploads\\\/2016\\\/08\\\/Portada-Oficiante-ceremonias-civiles_Sotogrande.jpg\",\"contentUrl\":\"https:\\\/\\\/www.oficiantebodasciviles.es\\\/wp-content\\\/uploads\\\/2016\\\/08\\\/Portada-Oficiante-ceremonias-civiles_Sotogrande.jpg\"},{\"@type\":\"BreadcrumbList\",\"@id\":\"https:\\\/\\\/www.oficiantebodasciviles.es\\\/de\\\/#breadcrumb\",\"itemListElement\":[{\"@type\":\"ListItem\",\"position\":1,\"name\":\"Portada\",\"item\":\"https:\\\/\\\/www.oficiantebodasciviles.es\\\/de\\\/\"},{\"@type\":\"ListItem\",\"position\":2,\"name\":\"Zivile Hochzeitszeremonien\"}]},{\"@type\":\"WebSite\",\"@id\":\"https:\\\/\\\/www.oficiantebodasciviles.es\\\/de\\\/#website\",\"url\":\"https:\\\/\\\/www.oficiantebodasciviles.es\\\/de\\\/\",\"name\":\"Oficiantes\",\"description\":\"Bodas civiles en Andaluc\u00eda.\",\"publisher\":{\"@id\":\"https:\\\/\\\/www.oficiantebodasciviles.es\\\/de\\\/#organization\"},\"potentialAction\":[{\"@type\":\"SearchAction\",\"target\":{\"@type\":\"EntryPoint\",\"urlTemplate\":\"https:\\\/\\\/www.oficiantebodasciviles.es\\\/de\\\/?s={search_term_string}\"},\"query-input\":{\"@type\":\"PropertyValueSpecification\",\"valueRequired\":true,\"valueName\":\"search_term_string\"}}],\"inLanguage\":\"de\"},{\"@type\":\"Organization\",\"@id\":\"https:\\\/\\\/www.oficiantebodasciviles.es\\\/de\\\/#organization\",\"name\":\"Oficiantes Andaluc\u00eda\",\"url\":\"https:\\\/\\\/www.oficiantebodasciviles.es\\\/de\\\/\",\"logo\":{\"@type\":\"ImageObject\",\"inLanguage\":\"de\",\"@id\":\"https:\\\/\\\/www.oficiantebodasciviles.es\\\/de\\\/#\\\/schema\\\/logo\\\/image\\\/\",\"url\":\"https:\\\/\\\/www.oficiantebodasciviles.es\\\/wp-content\\\/uploads\\\/2016\\\/08\\\/Tarjeta-oficiante-bodas-300x300-1.png\",\"contentUrl\":\"https:\\\/\\\/www.oficiantebodasciviles.es\\\/wp-content\\\/uploads\\\/2016\\\/08\\\/Tarjeta-oficiante-bodas-300x300-1.png\",\"width\":142,\"height\":136,\"caption\":\"Oficiantes Andaluc\u00eda\"},\"image\":{\"@id\":\"https:\\\/\\\/www.oficiantebodasciviles.es\\\/de\\\/#\\\/schema\\\/logo\\\/image\\\/\"}}]}<\/script>\n<!-- \/ Yoast SEO plugin. -->","yoast_head_json":{"title":"Officiating Civil Ceremonies and Weddings Malaga, Master of Ceremonies","description":"Zivile Hochzeit B\u00fcro Malaga. Meisterzeremonien in Marbella, Tarifa, Sevilla, Cordoba, Sotogrande, Almeria, Hochzeitsminister, amtliche ziviler R\u00e9monies, Offiziant zivile Trauungen.","robots":{"index":"index","follow":"follow","max-snippet":"max-snippet:-1","max-image-preview":"max-image-preview:large","max-video-preview":"max-video-preview:-1"},"canonical":"https:\/\/www.oficiantebodasciviles.es\/de\/","og_locale":"de_DE","og_type":"article","og_title":"Officiating Civil Ceremonies and Weddings Malaga, Master of Ceremonies","og_description":"Zivile Hochzeit B\u00fcro Malaga. Meisterzeremonien in Marbella, Tarifa, Sevilla, Cordoba, Sotogrande, Almeria, Hochzeitsminister, amtliche ziviler R\u00e9monies, Offiziant zivile Trauungen.","og_url":"https:\/\/www.oficiantebodasciviles.es\/de\/","og_site_name":"Standesamtliche Trauung auf Deutsch","article_modified_time":"2025-04-22T11:29:26+00:00","og_image":[{"width":864,"height":403,"url":"https:\/\/www.oficiantebodasciviles.es\/wp-content\/uploads\/2016\/08\/Portada-Oficiante-ceremonias-civiles_Sotogrande.jpg","type":"image\/jpeg"}],"twitter_card":"summary_large_image","twitter_misc":{"Gesch\u00e4tzte Lesezeit":"2\u00a0Minuten"},"schema":{"@context":"https:\/\/schema.org","@graph":[{"@type":"WebPage","@id":"https:\/\/www.oficiantebodasciviles.es\/de\/","url":"https:\/\/www.oficiantebodasciviles.es\/de\/","name":"Officiating Civil Ceremonies and Weddings Malaga, Master of Ceremonies","isPartOf":{"@id":"https:\/\/www.oficiantebodasciviles.es\/de\/#website"},"primaryImageOfPage":{"@id":"https:\/\/www.oficiantebodasciviles.es\/de\/#primaryimage"},"image":{"@id":"https:\/\/www.oficiantebodasciviles.es\/de\/#primaryimage"},"thumbnailUrl":"https:\/\/www.oficiantebodasciviles.es\/wp-content\/uploads\/2016\/08\/Portada-Oficiante-ceremonias-civiles_Sotogrande.jpg","datePublished":"2019-07-29T14:18:19+00:00","dateModified":"2025-04-22T11:29:26+00:00","description":"Zivile Hochzeit B\u00fcro Malaga. Meisterzeremonien in Marbella, Tarifa, Sevilla, Cordoba, Sotogrande, Almeria, Hochzeitsminister, amtliche ziviler R\u00e9monies, Offiziant zivile Trauungen.","breadcrumb":{"@id":"https:\/\/www.oficiantebodasciviles.es\/de\/#breadcrumb"},"inLanguage":"de","potentialAction":[{"@type":"ReadAction","target":["https:\/\/www.oficiantebodasciviles.es\/de\/"]}]},{"@type":"ImageObject","inLanguage":"de","@id":"https:\/\/www.oficiantebodasciviles.es\/de\/#primaryimage","url":"https:\/\/www.oficiantebodasciviles.es\/wp-content\/uploads\/2016\/08\/Portada-Oficiante-ceremonias-civiles_Sotogrande.jpg","contentUrl":"https:\/\/www.oficiantebodasciviles.es\/wp-content\/uploads\/2016\/08\/Portada-Oficiante-ceremonias-civiles_Sotogrande.jpg"},{"@type":"BreadcrumbList","@id":"https:\/\/www.oficiantebodasciviles.es\/de\/#breadcrumb","itemListElement":[{"@type":"ListItem","position":1,"name":"Portada","item":"https:\/\/www.oficiantebodasciviles.es\/de\/"},{"@type":"ListItem","position":2,"name":"Zivile Hochzeitszeremonien"}]},{"@type":"WebSite","@id":"https:\/\/www.oficiantebodasciviles.es\/de\/#website","url":"https:\/\/www.oficiantebodasciviles.es\/de\/","name":"Oficiantes","description":"Bodas civiles en Andaluc\u00eda.","publisher":{"@id":"https:\/\/www.oficiantebodasciviles.es\/de\/#organization"},"potentialAction":[{"@type":"SearchAction","target":{"@type":"EntryPoint","urlTemplate":"https:\/\/www.oficiantebodasciviles.es\/de\/?s={search_term_string}"},"query-input":{"@type":"PropertyValueSpecification","valueRequired":true,"valueName":"search_term_string"}}],"inLanguage":"de"},{"@type":"Organization","@id":"https:\/\/www.oficiantebodasciviles.es\/de\/#organization","name":"Oficiantes Andaluc\u00eda","url":"https:\/\/www.oficiantebodasciviles.es\/de\/","logo":{"@type":"ImageObject","inLanguage":"de","@id":"https:\/\/www.oficiantebodasciviles.es\/de\/#\/schema\/logo\/image\/","url":"https:\/\/www.oficiantebodasciviles.es\/wp-content\/uploads\/2016\/08\/Tarjeta-oficiante-bodas-300x300-1.png","contentUrl":"https:\/\/www.oficiantebodasciviles.es\/wp-content\/uploads\/2016\/08\/Tarjeta-oficiante-bodas-300x300-1.png","width":142,"height":136,"caption":"Oficiantes Andaluc\u00eda"},"image":{"@id":"https:\/\/www.oficiantebodasciviles.es\/de\/#\/schema\/logo\/image\/"}}]}},"_links":{"self":[{"href":"https:\/\/www.oficiantebodasciviles.es\/de\/wp-json\/wp\/v2\/pages\/3557","targetHints":{"allow":["GET"]}}],"collection":[{"href":"https:\/\/www.oficiantebodasciviles.es\/de\/wp-json\/wp\/v2\/pages"}],"about":[{"href":"https:\/\/www.oficiantebodasciviles.es\/de\/wp-json\/wp\/v2\/types\/page"}],"author":[{"embeddable":true,"href":"https:\/\/www.oficiantebodasciviles.es\/de\/wp-json\/wp\/v2\/users\/1"}],"replies":[{"embeddable":true,"href":"https:\/\/www.oficiantebodasciviles.es\/de\/wp-json\/wp\/v2\/comments?post=3557"}],"version-history":[{"count":2,"href":"https:\/\/www.oficiantebodasciviles.es\/de\/wp-json\/wp\/v2\/pages\/3557\/revisions"}],"predecessor-version":[{"id":7331,"href":"https:\/\/www.oficiantebodasciviles.es\/de\/wp-json\/wp\/v2\/pages\/3557\/revisions\/7331"}],"wp:attachment":[{"href":"https:\/\/www.oficiantebodasciviles.es\/de\/wp-json\/wp\/v2\/media?parent=3557"}],"curies":[{"name":"wp","href":"https:\/\/api.w.org\/{rel}","templated":true}]}}